{"id":3692,"date":"2022-01-19T09:58:13","date_gmt":"2022-01-19T13:58:13","guid":{"rendered":"https:\/\/chuv.umontreal.ca\/english\/?page_id=3692"},"modified":"2023-02-03T15:17:43","modified_gmt":"2023-02-03T19:17:43","slug":"case-reference-in-internal-medicine","status":"publish","type":"page","link":"https:\/\/chuv.umontreal.ca\/english\/referring-a-case-to-the-chuv\/case-reference-in-internal-medicine\/","title":{"rendered":"Case reference in internal medicine"},"content":{"rendered":"<div class=\"wpb-content-wrapper\"><p>[vc_row][vc_column width=&#8221;1\/2&#8243;][vc_message]This form is used to<strong> determine the urgency of the consultation<\/strong>.<\/p>\n<p>The medical record will be consulted by the team only at the time of the consultation.<\/p>\n<p>This form is exclusively <strong>reserved for veterinarians and staff of veterinary clinics<\/strong>. Referral requests completed directly by owners <strong>will not be processed<\/strong>.<\/p>\n<p>If your animal requires a referral to our specialist services, please contact your regular veterinarian. Thank you for your understanding.[\/vc_message][\/vc_column][vc_column width=&#8221;1\/2&#8243;][vc_message message_box_color=&#8221;pink&#8221;]Please note that, if the patient&#8217;s follow-up is done by you following the consultation, please check the box to that effect.<\/p>\n<p>Please note that in this case, client communication (treatment plan, modification\/renewal of prescription, etc.) is the responsibility of the referring veterinarian and not the CHUV medical team.<\/p>\n<p>However, we will be pleased to answer any questions you may have.[\/vc_message][vc_column_text]<a href=\"https:\/\/chuv.umontreal.ca\/english\/small-animal-hospital\/small-animal-hospital-services\/the-internal-medicine-and-cardiology-service\/\">Web page of Internal Medicine Service<\/a><br \/>\n<a href=\"https:\/\/chuv.umontreal.ca\/veterinaire\/accueil-veterinaires-referents\/hopitaux-services\/service-de-medecine-interne-animaux-de-compagnie\/\">Web page of Internal Medicine Service <\/a>(for veterinarians only)[\/vc_column_text][\/vc_column][\/vc_row][vc_row][vc_column]\n<div class=\"wpcf7 no-js\" id=\"wpcf7-f3691-o1\" lang=\"fr-FR\" dir=\"ltr\" data-wpcf7-id=\"3691\">\n<div class=\"screen-reader-response\"><p role=\"status\" aria-live=\"polite\" aria-atomic=\"true\"><\/p> <ul><\/ul><\/div>\n<form action=\"\/english\/wp-json\/wp\/v2\/pages\/3692#wpcf7-f3691-o1\" method=\"post\" class=\"wpcf7-form init\" aria-label=\"Contact form\" enctype=\"multipart\/form-data\" novalidate=\"novalidate\" data-status=\"init\">\n<fieldset class=\"hidden-fields-container\"><input type=\"hidden\" name=\"_wpcf7\" value=\"3691\" \/><input type=\"hidden\" name=\"_wpcf7_version\" value=\"6.1.5\" \/><input type=\"hidden\" name=\"_wpcf7_locale\" value=\"fr_FR\" \/><input type=\"hidden\" name=\"_wpcf7_unit_tag\" value=\"wpcf7-f3691-o1\" \/><input type=\"hidden\" name=\"_wpcf7_container_post\" value=\"0\" \/><input type=\"hidden\" name=\"_wpcf7_posted_data_hash\" value=\"\" \/>\n<\/fieldset>\n<p>Reason for referral:*<br \/>\n<span class=\"wpcf7-form-control-wrap\" data-name=\"Raisonrfrence\"><input size=\"40\" maxlength=\"400\" class=\"wpcf7-form-control wpcf7-text wpcf7-validates-as-required\" aria-required=\"true\" aria-invalid=\"false\" value=\"\" type=\"text\" name=\"Raisonrfrence\" \/><\/span>\n<\/p>\n<p>REFERRING VETERINARIAN\n<\/p>\n<p>Veterinarian:*\n<\/p>\n<p><span class=\"wpcf7-form-control-wrap\" data-name=\"your-name\"><input size=\"40\" maxlength=\"400\" class=\"wpcf7-form-control wpcf7-text wpcf7-validates-as-required\" aria-required=\"true\" aria-invalid=\"false\" value=\"\" type=\"text\" name=\"your-name\" \/><\/span>\n<\/p>\n<p>Referring clinic:\n<\/p>\n<p><span class=\"wpcf7-form-control-wrap\" data-name=\"clinique\"><input size=\"40\" maxlength=\"400\" class=\"wpcf7-form-control wpcf7-text\" aria-invalid=\"false\" value=\"\" type=\"text\" name=\"clinique\" \/><\/span>\n<\/p>\n<p>Clinic phone number*:\n<\/p>\n<p><span class=\"wpcf7-form-control-wrap\" data-name=\"Tlphonelaclinique\"><input size=\"40\" maxlength=\"400\" class=\"wpcf7-form-control wpcf7-text wpcf7-validates-as-required\" aria-required=\"true\" aria-invalid=\"false\" value=\"\" type=\"text\" name=\"Tlphonelaclinique\" \/><\/span>\n<\/p>\n<p>Other phone number:\n<\/p>\n<p><span class=\"wpcf7-form-control-wrap\" data-name=\"Autretlphone\"><input size=\"40\" maxlength=\"400\" class=\"wpcf7-form-control wpcf7-text\" aria-invalid=\"false\" value=\"\" type=\"text\" name=\"Autretlphone\" \/><\/span>\n<\/p>\n<p>Email address*:\n<\/p>\n<p><span class=\"wpcf7-form-control-wrap\" data-name=\"courriel\"><input size=\"40\" maxlength=\"400\" class=\"wpcf7-form-control wpcf7-email wpcf7-validates-as-required wpcf7-text wpcf7-validates-as-email\" aria-required=\"true\" aria-invalid=\"false\" value=\"\" type=\"email\" name=\"courriel\" \/><\/span>\n<\/p>\n<p>CLIENT INFORMATION\n<\/p>\n<p>First name and last name*:\n<\/p>\n<p><span class=\"wpcf7-form-control-wrap\" data-name=\"Nomduclient\"><input size=\"40\" maxlength=\"400\" class=\"wpcf7-form-control wpcf7-text wpcf7-validates-as-required\" aria-required=\"true\" aria-invalid=\"false\" value=\"\" type=\"text\" name=\"Nomduclient\" \/><\/span>\n<\/p>\n<p>Phone number #1*:<br \/>\n<span class=\"wpcf7-form-control-wrap\" data-name=\"tlphonersidence\"><input size=\"40\" maxlength=\"400\" class=\"wpcf7-form-control wpcf7-text wpcf7-validates-as-required\" aria-required=\"true\" aria-invalid=\"false\" value=\"\" type=\"text\" name=\"tlphonersidence\" \/><\/span>\n<\/p>\n<p>Phone number #2:<br \/>\n<span class=\"wpcf7-form-control-wrap\" data-name=\"Tlphonecellulaire\"><input size=\"40\" maxlength=\"400\" class=\"wpcf7-form-control wpcf7-text\" aria-invalid=\"false\" value=\"\" type=\"text\" name=\"Tlphonecellulaire\" \/><\/span>\n<\/p>\n<p>Email address of the client:<br \/>\n<span class=\"wpcf7-form-control-wrap\" data-name=\"courrielclient\"><input size=\"40\" maxlength=\"400\" class=\"wpcf7-form-control wpcf7-email wpcf7-text wpcf7-validates-as-email\" aria-invalid=\"false\" value=\"\" type=\"email\" name=\"courrielclient\" \/><\/span>\n<\/p>\n<p>Other important information:\n<\/p>\n<p><span class=\"wpcf7-form-control-wrap\" data-name=\"autresimp\"><textarea cols=\"40\" rows=\"10\" maxlength=\"2000\" class=\"wpcf7-form-control wpcf7-textarea\" aria-invalid=\"false\" name=\"autresimp\"><\/textarea><\/span>\n<\/p>\n<p>PATIENT INFORMATION\n<\/p>\n<p>Name of the animal*:<br \/>\n<span class=\"wpcf7-form-control-wrap\" data-name=\"nomanimal\"><input size=\"40\" maxlength=\"400\" class=\"wpcf7-form-control wpcf7-text wpcf7-validates-as-required\" aria-required=\"true\" aria-invalid=\"false\" value=\"\" type=\"text\" name=\"nomanimal\" \/><\/span>\n<\/p>\n<p>Check if already a patient of the CHUV:<br \/>\n<span class=\"wpcf7-form-control-wrap\" data-name=\"dejarefere\"><span class=\"wpcf7-form-control wpcf7-checkbox\"><span class=\"wpcf7-list-item first last\"><input type=\"checkbox\" name=\"dejarefere[]\" value=\"r\u00e9f\u00e9r\u00e9\" \/><span class=\"wpcf7-list-item-label\">r\u00e9f\u00e9r\u00e9<\/span><\/span><\/span><\/span>\n<\/p>\n<p>Species*:<br \/>\n<span class=\"wpcf7-form-control-wrap\" data-name=\"espece\"><input size=\"40\" maxlength=\"400\" class=\"wpcf7-form-control wpcf7-text wpcf7-validates-as-required\" aria-required=\"true\" aria-invalid=\"false\" value=\"\" type=\"text\" name=\"espece\" \/><\/span>\n<\/p>\n<p>Breed (if known):<br \/>\n<span class=\"wpcf7-form-control-wrap\" data-name=\"race\"><input size=\"40\" maxlength=\"400\" class=\"wpcf7-form-control wpcf7-text\" aria-invalid=\"false\" value=\"\" type=\"text\" name=\"race\" \/><\/span>\n<\/p>\n<p>Age or date of birth)*:<br \/>\n<span class=\"wpcf7-form-control-wrap\" data-name=\"age\"><input size=\"40\" maxlength=\"400\" class=\"wpcf7-form-control wpcf7-text wpcf7-validates-as-required\" aria-required=\"true\" aria-invalid=\"false\" value=\"\" type=\"text\" name=\"age\" \/><\/span>\n<\/p>\n<p>Weight*:<br \/>\n<span class=\"wpcf7-form-control-wrap\" data-name=\"poids\"><input size=\"40\" maxlength=\"400\" class=\"wpcf7-form-control wpcf7-text wpcf7-validates-as-required\" aria-required=\"true\" aria-invalid=\"false\" value=\"\" type=\"text\" name=\"poids\" \/><\/span>\n<\/p>\n<p>Sex*:<br \/>\n<span class=\"wpcf7-form-control-wrap\" data-name=\"sexe\"><select class=\"wpcf7-form-control wpcf7-select wpcf7-validates-as-required\" aria-required=\"true\" aria-invalid=\"false\" name=\"sexe\"><option value=\"\">&#8212;Please choose an option&#8212;<\/option><option value=\"Unknown\">Unknown<\/option><option value=\"Male\">Male<\/option><option value=\"Sterilized male\">Sterilized male<\/option><option value=\"Female\">Female<\/option><option value=\"Sterilized female\">Sterilized female<\/option><\/select><\/span>\n<\/p>\n<p>Anamnesis*:<br \/>\n<span class=\"wpcf7-form-control-wrap\" data-name=\"anamnese\"><textarea cols=\"40\" rows=\"10\" maxlength=\"2000\" class=\"wpcf7-form-control wpcf7-textarea wpcf7-validates-as-required\" aria-required=\"true\" aria-invalid=\"false\" name=\"anamnese\"><\/textarea><\/span>\n<\/p>\n<p>Case history, active medical issues*:<br \/>\n<span class=\"wpcf7-form-control-wrap\" data-name=\"antecedents\"><textarea cols=\"40\" rows=\"10\" maxlength=\"2000\" class=\"wpcf7-form-control wpcf7-textarea wpcf7-validates-as-required\" aria-required=\"true\" aria-invalid=\"false\" name=\"antecedents\"><\/textarea><\/span>\n<\/p>\n<p>Treatments administered :<br \/>\n<span class=\"wpcf7-form-control-wrap\" data-name=\"traitements\"><textarea cols=\"40\" rows=\"10\" maxlength=\"2000\" class=\"wpcf7-form-control wpcf7-textarea\" aria-invalid=\"false\" name=\"traitements\"><\/textarea><\/span>\n<\/p>\n<p>Current medication, doses, frequency of administration and length of administration:<br \/>\n<span class=\"wpcf7-form-control-wrap\" data-name=\"medication\"><textarea cols=\"40\" rows=\"10\" maxlength=\"2000\" class=\"wpcf7-form-control wpcf7-textarea\" aria-invalid=\"false\" name=\"medication\"><\/textarea><\/span>\n<\/p>\n<p>Laboratory tests performed (check please) Please send us all lab results as attached files, if available. :<br \/>\n<span class=\"wpcf7-form-control-wrap\" data-name=\"labos\"><span class=\"wpcf7-form-control wpcf7-checkbox\"><span class=\"wpcf7-list-item first\"><label><input type=\"checkbox\" name=\"labos[]\" value=\"H\u00e9matology\" \/><span class=\"wpcf7-list-item-label\">H\u00e9matology<\/span><\/label><\/span><span class=\"wpcf7-list-item\"><label><input type=\"checkbox\" name=\"labos[]\" value=\"Biochemistry\" \/><span class=\"wpcf7-list-item-label\">Biochemistry<\/span><\/label><\/span><span class=\"wpcf7-list-item\"><label><input type=\"checkbox\" name=\"labos[]\" value=\"Urology\" \/><span class=\"wpcf7-list-item-label\">Urology<\/span><\/label><\/span><span class=\"wpcf7-list-item\"><label><input type=\"checkbox\" name=\"labos[]\" value=\"Bacterial culture\/sensitivity\" \/><span class=\"wpcf7-list-item-label\">Bacterial culture\/sensitivity<\/span><\/label><\/span><span class=\"wpcf7-list-item\"><label><input type=\"checkbox\" name=\"labos[]\" value=\"Snaptest\" \/><span class=\"wpcf7-list-item-label\">Snaptest<\/span><\/label><\/span><span class=\"wpcf7-list-item\"><label><input type=\"checkbox\" name=\"labos[]\" value=\"Pressure measuring\" \/><span class=\"wpcf7-list-item-label\">Pressure measuring<\/span><\/label><\/span><span class=\"wpcf7-list-item last\"><label><input type=\"checkbox\" name=\"labos[]\" value=\"Other\" \/><span class=\"wpcf7-list-item-label\">Other<\/span><\/label><\/span><\/span><\/span>\n<\/p>\n<p>Other: please specify:<br \/>\n<span class=\"wpcf7-form-control-wrap\" data-name=\"laboratoires\"><textarea cols=\"40\" rows=\"10\" maxlength=\"2000\" class=\"wpcf7-form-control wpcf7-textarea\" aria-invalid=\"false\" name=\"laboratoires\"><\/textarea><\/span>\n<\/p>\n<p>Imaging tests performed (check please) Please send us all imaging reports and images, if available. :<br \/>\n<span class=\"wpcf7-form-control-wrap\" data-name=\"imagerie1\"><span class=\"wpcf7-form-control wpcf7-checkbox\"><span class=\"wpcf7-list-item first\"><label><input type=\"checkbox\" name=\"imagerie1[]\" value=\"Radiographs\" \/><span class=\"wpcf7-list-item-label\">Radiographs<\/span><\/label><\/span><span class=\"wpcf7-list-item\"><label><input type=\"checkbox\" name=\"imagerie1[]\" value=\"Ultrasound\" \/><span class=\"wpcf7-list-item-label\">Ultrasound<\/span><\/label><\/span><span class=\"wpcf7-list-item\"><label><input type=\"checkbox\" name=\"imagerie1[]\" value=\"Echocardiography\" \/><span class=\"wpcf7-list-item-label\">Echocardiography<\/span><\/label><\/span><span class=\"wpcf7-list-item last\"><label><input type=\"checkbox\" name=\"imagerie1[]\" value=\"Other\" \/><span class=\"wpcf7-list-item-label\">Other<\/span><\/label><\/span><\/span><\/span>\n<\/p>\n<p>Summary:<br \/>\n<span class=\"wpcf7-form-control-wrap\" data-name=\"imagerie\"><textarea cols=\"40\" rows=\"10\" maxlength=\"2000\" class=\"wpcf7-form-control wpcf7-textarea\" aria-invalid=\"false\" name=\"imagerie\"><\/textarea><\/span>\n<\/p>\n<p>Other relevant information :<br \/>\n<span class=\"wpcf7-form-control-wrap\" data-name=\"autres\"><textarea cols=\"40\" rows=\"10\" maxlength=\"2000\" class=\"wpcf7-form-control wpcf7-textarea\" aria-invalid=\"false\" name=\"autres\"><\/textarea><\/span>\n<\/p>\n<p>Concerning the specialised follow-up visits, I would like them to be carried out by*:<br \/>\n<span class=\"wpcf7-form-control-wrap\" data-name=\"suivi\"><span class=\"wpcf7-form-control wpcf7-checkbox wpcf7-validates-as-required\"><span class=\"wpcf7-list-item first\"><label><input type=\"checkbox\" name=\"suivi[]\" value=\"My care\" \/><span class=\"wpcf7-list-item-label\">My care<\/span><\/label><\/span><span class=\"wpcf7-list-item last\"><label><input type=\"checkbox\" name=\"suivi[]\" value=\"The CHUV\" \/><span class=\"wpcf7-list-item-label\">The CHUV<\/span><\/label><\/span><\/span><\/span>\n<\/p>\n<p>I confirm that I have obtained prior permission from the animal's owner to communicate this information*:<br \/>\n<span class=\"wpcf7-form-control-wrap\" data-name=\"autorisation\"><span class=\"wpcf7-form-control wpcf7-checkbox wpcf7-validates-as-required\"><span class=\"wpcf7-list-item first last\"><label><input type=\"checkbox\" name=\"autorisation[]\" value=\"Yes\" \/><span class=\"wpcf7-list-item-label\">Yes<\/span><\/label><\/span><\/span><\/span>\n<\/p>\n<p>Please attach a copy of the medical file including imaging and laboratory tests (en .pdf, .jpg, .doc, .docx, .xls, .xlsx, 4 MB per file maximum).\n<\/p>\n<p>You can also send them to us by email at admission-medecine-hac@chuv.umontreal.ca with the name of the patient and the department to which they are referred in the subject line.\n<\/p>\n<p><span class=\"wpcf7-form-control-wrap\" data-name=\"fichier1\"><input size=\"40\" class=\"wpcf7-form-control wpcf7-file\" accept=\".pdf,.jpg,.doc,.docx,.xls,.xlsx\" aria-invalid=\"false\" type=\"file\" name=\"fichier1\" \/><\/span><br \/>\n<span class=\"wpcf7-form-control-wrap\" data-name=\"fichier2\"><input size=\"40\" class=\"wpcf7-form-control wpcf7-file\" accept=\".pdf,.jpg,.doc,.docx,.xls,.xlsx\" aria-invalid=\"false\" type=\"file\" name=\"fichier2\" \/><\/span><br \/>\n<span class=\"wpcf7-form-control-wrap\" data-name=\"fichier3\"><input size=\"40\" class=\"wpcf7-form-control wpcf7-file\" accept=\".pdf,.jpg,.doc,.docx,.xls,.xlsx\" aria-invalid=\"false\" type=\"file\" name=\"fichier3\" \/><\/span><br \/>\n<span class=\"wpcf7-form-control-wrap\" data-name=\"fichier4\"><input size=\"40\" class=\"wpcf7-form-control wpcf7-file\" accept=\".pdf,.jpg,.doc,.docx,.xls,.xlsx\" aria-invalid=\"false\" type=\"file\" name=\"fichier4\" \/><\/span>\n<\/p>\n<p><input class=\"wpcf7-form-control wpcf7-submit has-spinner\" type=\"submit\" value=\"Submit\" \/>\n<\/p><div class=\"wpcf7-response-output\" aria-hidden=\"true\"><\/div>\n<\/form>\n<\/div>\n[vc_column_text]We will contact the owner to offer an appointment. However, you will be notified if we are unable to see the animal within a reasonable time frame based on its condition.[\/vc_column_text][\/vc_column][\/vc_row]<\/p>\n<\/div>","protected":false},"excerpt":{"rendered":"<p>[vc_row][vc_column width=&#8221;1\/2&#8243;][vc_message]This form is used to determine the urgency of the consultation. The medical record will be consulted by the team only at the time of the consultation. This form is exclusively reserved for veterinarians and staff of veterinary clinics. Referral requests completed directly by owners will not be processed. If your animal requires a&hellip;<\/p>\n","protected":false},"author":5,"featured_media":0,"parent":3679,"menu_order":0,"comment_status":"closed","ping_status":"closed","template":"","meta":{"footnotes":""},"class_list":["post-3692","page","type-page","status-publish","hentry","description-off"],"yoast_head":"<!-- This site is optimized with the Yoast SEO plugin v27.4 - https:\/\/yoast.com\/product\/yoast-seo-wordpress\/ -->\n<title>Case reference in internal medicine - Internet English<\/title>\n<meta name=\"robots\" content=\"index, follow, max-snippet:-1, max-image-preview:large, max-video-preview:-1\" \/>\n<link rel=\"canonical\" href=\"https:\/\/chuv.umontreal.ca\/english\/referring-a-case-to-the-chuv\/case-reference-in-internal-medicine\/\" \/>\n<meta property=\"og:locale\" content=\"en_US\" \/>\n<meta property=\"og:type\" content=\"article\" \/>\n<meta property=\"og:title\" content=\"Case reference in internal medicine - Internet English\" \/>\n<meta property=\"og:description\" content=\"[vc_row][vc_column width=&#8221;1\/2&#8243;][vc_message]This form is used to determine the urgency of the consultation. The medical record will be consulted by the team only at the time of the consultation. This form is exclusively reserved for veterinarians and staff of veterinary clinics. Referral requests completed directly by owners will not be processed. If your animal requires a&hellip;\" \/>\n<meta property=\"og:url\" content=\"https:\/\/chuv.umontreal.ca\/english\/referring-a-case-to-the-chuv\/case-reference-in-internal-medicine\/\" \/>\n<meta property=\"og:site_name\" content=\"Internet English\" \/>\n<meta property=\"article:modified_time\" content=\"2023-02-03T19:17:43+00:00\" \/>\n<meta name=\"twitter:card\" content=\"summary_large_image\" \/>\n<meta name=\"twitter:label1\" content=\"Est. reading time\" \/>\n\t<meta name=\"twitter:data1\" content=\"1 minute\" \/>\n<script type=\"application\/ld+json\" class=\"yoast-schema-graph\">{\"@context\":\"https:\\\/\\\/schema.org\",\"@graph\":[{\"@type\":\"WebPage\",\"@id\":\"https:\\\/\\\/chuv.umontreal.ca\\\/english\\\/referring-a-case-to-the-chuv\\\/case-reference-in-internal-medicine\\\/\",\"url\":\"https:\\\/\\\/chuv.umontreal.ca\\\/english\\\/referring-a-case-to-the-chuv\\\/case-reference-in-internal-medicine\\\/\",\"name\":\"Case reference in internal medicine - Internet English\",\"isPartOf\":{\"@id\":\"https:\\\/\\\/chuv.umontreal.ca\\\/english\\\/#website\"},\"datePublished\":\"2022-01-19T13:58:13+00:00\",\"dateModified\":\"2023-02-03T19:17:43+00:00\",\"breadcrumb\":{\"@id\":\"https:\\\/\\\/chuv.umontreal.ca\\\/english\\\/referring-a-case-to-the-chuv\\\/case-reference-in-internal-medicine\\\/#breadcrumb\"},\"inLanguage\":\"en-US\",\"potentialAction\":[{\"@type\":\"ReadAction\",\"target\":[\"https:\\\/\\\/chuv.umontreal.ca\\\/english\\\/referring-a-case-to-the-chuv\\\/case-reference-in-internal-medicine\\\/\"]}]},{\"@type\":\"BreadcrumbList\",\"@id\":\"https:\\\/\\\/chuv.umontreal.ca\\\/english\\\/referring-a-case-to-the-chuv\\\/case-reference-in-internal-medicine\\\/#breadcrumb\",\"itemListElement\":[{\"@type\":\"ListItem\",\"position\":1,\"name\":\"Accueil\",\"item\":\"https:\\\/\\\/chuv.umontreal.ca\\\/english\\\/\"},{\"@type\":\"ListItem\",\"position\":2,\"name\":\"Referring a case to the CHUV\",\"item\":\"https:\\\/\\\/chuv.umontreal.ca\\\/english\\\/referring-a-case-to-the-chuv\\\/\"},{\"@type\":\"ListItem\",\"position\":3,\"name\":\"Case reference in internal medicine\"}]},{\"@type\":\"WebSite\",\"@id\":\"https:\\\/\\\/chuv.umontreal.ca\\\/english\\\/#website\",\"url\":\"https:\\\/\\\/chuv.umontreal.ca\\\/english\\\/\",\"name\":\"Internet English\",\"description\":\"Un site utilisant CHUV sites\",\"potentialAction\":[{\"@type\":\"SearchAction\",\"target\":{\"@type\":\"EntryPoint\",\"urlTemplate\":\"https:\\\/\\\/chuv.umontreal.ca\\\/english\\\/?s={search_term_string}\"},\"query-input\":{\"@type\":\"PropertyValueSpecification\",\"valueRequired\":true,\"valueName\":\"search_term_string\"}}],\"inLanguage\":\"en-US\"}]}<\/script>\n<!-- \/ Yoast SEO plugin. -->","yoast_head_json":{"title":"Case reference in internal medicine - Internet English","robots":{"index":"index","follow":"follow","max-snippet":"max-snippet:-1","max-image-preview":"max-image-preview:large","max-video-preview":"max-video-preview:-1"},"canonical":"https:\/\/chuv.umontreal.ca\/english\/referring-a-case-to-the-chuv\/case-reference-in-internal-medicine\/","og_locale":"en_US","og_type":"article","og_title":"Case reference in internal medicine - Internet English","og_description":"[vc_row][vc_column width=&#8221;1\/2&#8243;][vc_message]This form is used to determine the urgency of the consultation. The medical record will be consulted by the team only at the time of the consultation. This form is exclusively reserved for veterinarians and staff of veterinary clinics. Referral requests completed directly by owners will not be processed. If your animal requires a&hellip;","og_url":"https:\/\/chuv.umontreal.ca\/english\/referring-a-case-to-the-chuv\/case-reference-in-internal-medicine\/","og_site_name":"Internet English","article_modified_time":"2023-02-03T19:17:43+00:00","twitter_card":"summary_large_image","twitter_misc":{"Est. reading time":"1 minute"},"schema":{"@context":"https:\/\/schema.org","@graph":[{"@type":"WebPage","@id":"https:\/\/chuv.umontreal.ca\/english\/referring-a-case-to-the-chuv\/case-reference-in-internal-medicine\/","url":"https:\/\/chuv.umontreal.ca\/english\/referring-a-case-to-the-chuv\/case-reference-in-internal-medicine\/","name":"Case reference in internal medicine - Internet English","isPartOf":{"@id":"https:\/\/chuv.umontreal.ca\/english\/#website"},"datePublished":"2022-01-19T13:58:13+00:00","dateModified":"2023-02-03T19:17:43+00:00","breadcrumb":{"@id":"https:\/\/chuv.umontreal.ca\/english\/referring-a-case-to-the-chuv\/case-reference-in-internal-medicine\/#breadcrumb"},"inLanguage":"en-US","potentialAction":[{"@type":"ReadAction","target":["https:\/\/chuv.umontreal.ca\/english\/referring-a-case-to-the-chuv\/case-reference-in-internal-medicine\/"]}]},{"@type":"BreadcrumbList","@id":"https:\/\/chuv.umontreal.ca\/english\/referring-a-case-to-the-chuv\/case-reference-in-internal-medicine\/#breadcrumb","itemListElement":[{"@type":"ListItem","position":1,"name":"Accueil","item":"https:\/\/chuv.umontreal.ca\/english\/"},{"@type":"ListItem","position":2,"name":"Referring a case to the CHUV","item":"https:\/\/chuv.umontreal.ca\/english\/referring-a-case-to-the-chuv\/"},{"@type":"ListItem","position":3,"name":"Case reference in internal medicine"}]},{"@type":"WebSite","@id":"https:\/\/chuv.umontreal.ca\/english\/#website","url":"https:\/\/chuv.umontreal.ca\/english\/","name":"Internet English","description":"Un site utilisant CHUV sites","potentialAction":[{"@type":"SearchAction","target":{"@type":"EntryPoint","urlTemplate":"https:\/\/chuv.umontreal.ca\/english\/?s={search_term_string}"},"query-input":{"@type":"PropertyValueSpecification","valueRequired":true,"valueName":"search_term_string"}}],"inLanguage":"en-US"}]}},"_links":{"self":[{"href":"https:\/\/chuv.umontreal.ca\/english\/wp-json\/wp\/v2\/pages\/3692","targetHints":{"allow":["GET"]}}],"collection":[{"href":"https:\/\/chuv.umontreal.ca\/english\/wp-json\/wp\/v2\/pages"}],"about":[{"href":"https:\/\/chuv.umontreal.ca\/english\/wp-json\/wp\/v2\/types\/page"}],"author":[{"embeddable":true,"href":"https:\/\/chuv.umontreal.ca\/english\/wp-json\/wp\/v2\/users\/5"}],"replies":[{"embeddable":true,"href":"https:\/\/chuv.umontreal.ca\/english\/wp-json\/wp\/v2\/comments?post=3692"}],"version-history":[{"count":12,"href":"https:\/\/chuv.umontreal.ca\/english\/wp-json\/wp\/v2\/pages\/3692\/revisions"}],"predecessor-version":[{"id":4279,"href":"https:\/\/chuv.umontreal.ca\/english\/wp-json\/wp\/v2\/pages\/3692\/revisions\/4279"}],"up":[{"embeddable":true,"href":"https:\/\/chuv.umontreal.ca\/english\/wp-json\/wp\/v2\/pages\/3679"}],"wp:attachment":[{"href":"https:\/\/chuv.umontreal.ca\/english\/wp-json\/wp\/v2\/media?parent=3692"}],"curies":[{"name":"wp","href":"https:\/\/api.w.org\/{rel}","templated":true}]}}