{"id":751,"date":"2015-10-14T19:09:56","date_gmt":"2015-10-14T19:09:56","guid":{"rendered":"http:\/\/chuv.umontreal.ca\/english\/?page_id=751"},"modified":"2019-09-18T13:11:42","modified_gmt":"2019-09-18T13:11:42","slug":"about-the-chuv","status":"publish","type":"page","link":"https:\/\/chuv.umontreal.ca\/english\/about-the-chuv\/","title":{"rendered":"About the CHUV"},"content":{"rendered":"<div class=\"wpb-content-wrapper\"><p>[vc_row][vc_column]<div id=\"ult-carousel-320039574769d66a287ce2f\" class=\"ult-carousel-wrapper   ult_horizontal\" data-gutter=\"0\" data-rtl=\"false\" ><div class=\"ult-carousel-64011283869d66a287ccc7 \" >[vc_single_image image=&#8221;709&#8243; img_size=&#8221;600&#215;300&#8243; alignment=&#8221;center&#8221;][vc_single_image image=&#8221;1322&#8243; img_size=&#8221;600&#215;300&#8243; alignment=&#8221;center&#8221;]<\/div><\/div>\t\t\t<script type=\"text\/javascript\">\n\t\t\t\tjQuery(document).ready(function ($) {\n\t\t\t\t\tif( typeof jQuery('.ult-carousel-64011283869d66a287ccc7').slick == \"function\"){\n\t\t\t\t\t\t$('.ult-carousel-64011283869d66a287ccc7').slick({dots: false,autoplaySpeed: \"5000\",speed: \"0\",infinite: false,arrows: false,slidesToScroll:2,slidesToShow:2,swipe: false,draggable: false,touchMove: true,pauseOnHover: true,pauseOnFocus: false,responsive: [\n\t\t\t\t\t\t\t{\n\t\t\t\t\t\t\t  breakpoint: 1026,\n\t\t\t\t\t\t\t  settings: {\n\t\t\t\t\t\t\t\tslidesToShow: 2,\n\t\t\t\t\t\t\t\tslidesToScroll: 2,  \n\t\t\t\t\t\t\t  }\n\t\t\t\t\t\t\t},\n\t\t\t\t\t\t\t{\n\t\t\t\t\t\t\t  breakpoint: 1025,\n\t\t\t\t\t\t\t  settings: {\n\t\t\t\t\t\t\t\tslidesToShow: 2,\n\t\t\t\t\t\t\t\tslidesToScroll: 2\n\t\t\t\t\t\t\t  }\n\t\t\t\t\t\t\t},\n\t\t\t\t\t\t\t{\n\t\t\t\t\t\t\t  breakpoint: 760,\n\t\t\t\t\t\t\t  settings: {\n\t\t\t\t\t\t\t\tslidesToShow: 1,\n\t\t\t\t\t\t\t\tslidesToScroll: 1\n\t\t\t\t\t\t\t  }\n\t\t\t\t\t\t\t}\n\t\t\t\t\t\t],pauseOnDotsHover: true,customPaging: function(slider, i) {\n                   return '<i type=\"button\" style= \"color:#333333;\" class=\"ultsl-record\" data-role=\"none\"><\/i>';\n                },});\n\t\t\t\t\t}\n\t\t\t\t});\n\t\t\t<\/script>\n\t\t\t[vc_empty_space height=&#8221;18px&#8221;][vc_column_text]<\/p>\n<h1><strong>The CENTRE HOSPITALIER UNIVERSITAIRE V\u00c9T\u00c9RINAIRE<\/strong><\/h1>\n<p>Located in the heart of Saint-Hyacinthe, the Centre Hospitalier Universitaire V\u00e9t\u00e9rinaire (CHUV) of the <a href=\"http:\/\/www.medvet.umontreal.ca\/index.html\" target=\"_blank\" rel=\"noopener noreferrer\">Faculty of veterinary medicine<\/a> is a unique medical centre that treats as many as 20\u00a0000 animals each year. The hospital offers continuous service, 24 hours a day, 365 days a year.<\/p>\n<p>The CHUV benefits from the contribution of clinical professors active in research and up to date on recent developments in their fields of interest. These professionals, along with the support of a highly qualified technical staff, have access to state of the art equipment therefore enabling the CHUV to offer a wide range of specialized services to veterinarians, pet owners and farmers. These services include surgery, medical imaging, internal medicine, dentistry, dermatology, sports medicine, reproduction, ophthalmology and neurology and are available for companion animals as well as horses, farm animals, exotics, birds of prey and zoological institutions.<\/p>\n<p>Many other hospital amenities such as a pharmacy, sterilization, administration, admissions, and technical support complete the CHUV\u2019s infrastructure.<\/p>\n<p>The CHUV accounts for almost half of faculty\u2019s workforce, employing over 75 clinicians and professors, 108 members of the support staff, 27 interns and 18 residents.[\/vc_column_text][vc_empty_space]<div id=\"ult-carousel-127628523969d66a287cead\" class=\"ult-carousel-wrapper   ult_horizontal\" data-gutter=\"0\" data-rtl=\"false\" ><div class=\"ult-carousel-188706633769d66a287ce91 \" >[vc_single_image image=&#8221;699&#8243; img_size=&#8221;600&#215;300&#8243; alignment=&#8221;center&#8221;][vc_single_image image=&#8221;706&#8243; img_size=&#8221;600&#215;300&#8243; alignment=&#8221;center&#8221;]<\/div><\/div>\t\t\t<script type=\"text\/javascript\">\n\t\t\t\tjQuery(document).ready(function ($) {\n\t\t\t\t\tif( typeof jQuery('.ult-carousel-188706633769d66a287ce91').slick == \"function\"){\n\t\t\t\t\t\t$('.ult-carousel-188706633769d66a287ce91').slick({dots: false,autoplaySpeed: \"5000\",speed: \"0\",infinite: false,arrows: false,slidesToScroll:2,slidesToShow:2,swipe: false,draggable: false,touchMove: true,pauseOnHover: true,pauseOnFocus: false,responsive: [\n\t\t\t\t\t\t\t{\n\t\t\t\t\t\t\t  breakpoint: 1026,\n\t\t\t\t\t\t\t  settings: {\n\t\t\t\t\t\t\t\tslidesToShow: 2,\n\t\t\t\t\t\t\t\tslidesToScroll: 2,  \n\t\t\t\t\t\t\t  }\n\t\t\t\t\t\t\t},\n\t\t\t\t\t\t\t{\n\t\t\t\t\t\t\t  breakpoint: 1025,\n\t\t\t\t\t\t\t  settings: {\n\t\t\t\t\t\t\t\tslidesToShow: 2,\n\t\t\t\t\t\t\t\tslidesToScroll: 2\n\t\t\t\t\t\t\t  }\n\t\t\t\t\t\t\t},\n\t\t\t\t\t\t\t{\n\t\t\t\t\t\t\t  breakpoint: 760,\n\t\t\t\t\t\t\t  settings: {\n\t\t\t\t\t\t\t\tslidesToShow: 1,\n\t\t\t\t\t\t\t\tslidesToScroll: 1\n\t\t\t\t\t\t\t  }\n\t\t\t\t\t\t\t}\n\t\t\t\t\t\t],pauseOnDotsHover: true,customPaging: function(slider, i) {\n                   return '<i type=\"button\" style= \"color:#333333;\" class=\"ultsl-record\" data-role=\"none\"><\/i>';\n                },});\n\t\t\t\t\t}\n\t\t\t\t});\n\t\t\t<\/script>\n\t\t\t[\/vc_column][vc_column][vc_column_text]<br \/>\n[\/vc_column_text][\/vc_column][vc_column][vc_column_text]<br \/>\n[\/vc_column_text][\/vc_column][\/vc_row]<\/p>\n<\/div>","protected":false},"excerpt":{"rendered":"<p>[vc_row][vc_column][vc_empty_space height=&#8221;18px&#8221;][vc_column_text] The CENTRE HOSPITALIER UNIVERSITAIRE V\u00c9T\u00c9RINAIRE Located in the heart of Saint-Hyacinthe, the Centre Hospitalier Universitaire V\u00e9t\u00e9rinaire (CHUV) of the Faculty of veterinary medicine is a unique medical centre that treats as many as 20\u00a0000 animals each year. The hospital offers continuous service, 24 hours a day, 365 days a year. The CHUV benefits&hellip;<\/p>\n","protected":false},"author":5,"featured_media":0,"parent":0,"menu_order":0,"comment_status":"closed","ping_status":"closed","template":"","meta":{"footnotes":""},"class_list":["post-751","page","type-page","status-publish","hentry","description-off"],"yoast_head":"<!-- This site is optimized with the Yoast SEO plugin v27.3 - https:\/\/yoast.com\/product\/yoast-seo-wordpress\/ -->\n<title>About the CHUV - Internet English<\/title>\n<meta name=\"robots\" content=\"index, follow, max-snippet:-1, max-image-preview:large, max-video-preview:-1\" \/>\n<link rel=\"canonical\" href=\"https:\/\/chuv.umontreal.ca\/english\/about-the-chuv\/\" \/>\n<meta property=\"og:locale\" content=\"en_US\" \/>\n<meta property=\"og:type\" content=\"article\" \/>\n<meta property=\"og:title\" content=\"About the CHUV - Internet English\" \/>\n<meta property=\"og:description\" content=\"[vc_row][vc_column][vc_empty_space height=&#8221;18px&#8221;][vc_column_text] The CENTRE HOSPITALIER UNIVERSITAIRE V\u00c9T\u00c9RINAIRE Located in the heart of Saint-Hyacinthe, the Centre Hospitalier Universitaire V\u00e9t\u00e9rinaire (CHUV) of the Faculty of veterinary medicine is a unique medical centre that treats as many as 20\u00a0000 animals each year. The hospital offers continuous service, 24 hours a day, 365 days a year. The CHUV benefits&hellip;\" \/>\n<meta property=\"og:url\" content=\"https:\/\/chuv.umontreal.ca\/english\/about-the-chuv\/\" \/>\n<meta property=\"og:site_name\" content=\"Internet English\" \/>\n<meta property=\"article:modified_time\" content=\"2019-09-18T13:11:42+00:00\" \/>\n<meta name=\"twitter:card\" content=\"summary_large_image\" \/>\n<meta name=\"twitter:label1\" content=\"Est. reading time\" \/>\n\t<meta name=\"twitter:data1\" content=\"2 minutes\" \/>\n<script type=\"application\/ld+json\" class=\"yoast-schema-graph\">{\"@context\":\"https:\\\/\\\/schema.org\",\"@graph\":[{\"@type\":\"WebPage\",\"@id\":\"https:\\\/\\\/chuv.umontreal.ca\\\/english\\\/about-the-chuv\\\/\",\"url\":\"https:\\\/\\\/chuv.umontreal.ca\\\/english\\\/about-the-chuv\\\/\",\"name\":\"About the CHUV - Internet English\",\"isPartOf\":{\"@id\":\"https:\\\/\\\/chuv.umontreal.ca\\\/english\\\/#website\"},\"datePublished\":\"2015-10-14T19:09:56+00:00\",\"dateModified\":\"2019-09-18T13:11:42+00:00\",\"breadcrumb\":{\"@id\":\"https:\\\/\\\/chuv.umontreal.ca\\\/english\\\/about-the-chuv\\\/#breadcrumb\"},\"inLanguage\":\"en-US\",\"potentialAction\":[{\"@type\":\"ReadAction\",\"target\":[\"https:\\\/\\\/chuv.umontreal.ca\\\/english\\\/about-the-chuv\\\/\"]}]},{\"@type\":\"BreadcrumbList\",\"@id\":\"https:\\\/\\\/chuv.umontreal.ca\\\/english\\\/about-the-chuv\\\/#breadcrumb\",\"itemListElement\":[{\"@type\":\"ListItem\",\"position\":1,\"name\":\"Accueil\",\"item\":\"https:\\\/\\\/chuv.umontreal.ca\\\/english\\\/\"},{\"@type\":\"ListItem\",\"position\":2,\"name\":\"About the CHUV\"}]},{\"@type\":\"WebSite\",\"@id\":\"https:\\\/\\\/chuv.umontreal.ca\\\/english\\\/#website\",\"url\":\"https:\\\/\\\/chuv.umontreal.ca\\\/english\\\/\",\"name\":\"Internet English\",\"description\":\"Un site utilisant CHUV sites\",\"potentialAction\":[{\"@type\":\"SearchAction\",\"target\":{\"@type\":\"EntryPoint\",\"urlTemplate\":\"https:\\\/\\\/chuv.umontreal.ca\\\/english\\\/?s={search_term_string}\"},\"query-input\":{\"@type\":\"PropertyValueSpecification\",\"valueRequired\":true,\"valueName\":\"search_term_string\"}}],\"inLanguage\":\"en-US\"}]}<\/script>\n<!-- \/ Yoast SEO plugin. -->","yoast_head_json":{"title":"About the CHUV - Internet English","robots":{"index":"index","follow":"follow","max-snippet":"max-snippet:-1","max-image-preview":"max-image-preview:large","max-video-preview":"max-video-preview:-1"},"canonical":"https:\/\/chuv.umontreal.ca\/english\/about-the-chuv\/","og_locale":"en_US","og_type":"article","og_title":"About the CHUV - Internet English","og_description":"[vc_row][vc_column][vc_empty_space height=&#8221;18px&#8221;][vc_column_text] The CENTRE HOSPITALIER UNIVERSITAIRE V\u00c9T\u00c9RINAIRE Located in the heart of Saint-Hyacinthe, the Centre Hospitalier Universitaire V\u00e9t\u00e9rinaire (CHUV) of the Faculty of veterinary medicine is a unique medical centre that treats as many as 20\u00a0000 animals each year. The hospital offers continuous service, 24 hours a day, 365 days a year. The CHUV benefits&hellip;","og_url":"https:\/\/chuv.umontreal.ca\/english\/about-the-chuv\/","og_site_name":"Internet English","article_modified_time":"2019-09-18T13:11:42+00:00","twitter_card":"summary_large_image","twitter_misc":{"Est. reading time":"2 minutes"},"schema":{"@context":"https:\/\/schema.org","@graph":[{"@type":"WebPage","@id":"https:\/\/chuv.umontreal.ca\/english\/about-the-chuv\/","url":"https:\/\/chuv.umontreal.ca\/english\/about-the-chuv\/","name":"About the CHUV - Internet English","isPartOf":{"@id":"https:\/\/chuv.umontreal.ca\/english\/#website"},"datePublished":"2015-10-14T19:09:56+00:00","dateModified":"2019-09-18T13:11:42+00:00","breadcrumb":{"@id":"https:\/\/chuv.umontreal.ca\/english\/about-the-chuv\/#breadcrumb"},"inLanguage":"en-US","potentialAction":[{"@type":"ReadAction","target":["https:\/\/chuv.umontreal.ca\/english\/about-the-chuv\/"]}]},{"@type":"BreadcrumbList","@id":"https:\/\/chuv.umontreal.ca\/english\/about-the-chuv\/#breadcrumb","itemListElement":[{"@type":"ListItem","position":1,"name":"Accueil","item":"https:\/\/chuv.umontreal.ca\/english\/"},{"@type":"ListItem","position":2,"name":"About the CHUV"}]},{"@type":"WebSite","@id":"https:\/\/chuv.umontreal.ca\/english\/#website","url":"https:\/\/chuv.umontreal.ca\/english\/","name":"Internet English","description":"Un site utilisant CHUV sites","potentialAction":[{"@type":"SearchAction","target":{"@type":"EntryPoint","urlTemplate":"https:\/\/chuv.umontreal.ca\/english\/?s={search_term_string}"},"query-input":{"@type":"PropertyValueSpecification","valueRequired":true,"valueName":"search_term_string"}}],"inLanguage":"en-US"}]}},"_links":{"self":[{"href":"https:\/\/chuv.umontreal.ca\/english\/wp-json\/wp\/v2\/pages\/751","targetHints":{"allow":["GET"]}}],"collection":[{"href":"https:\/\/chuv.umontreal.ca\/english\/wp-json\/wp\/v2\/pages"}],"about":[{"href":"https:\/\/chuv.umontreal.ca\/english\/wp-json\/wp\/v2\/types\/page"}],"author":[{"embeddable":true,"href":"https:\/\/chuv.umontreal.ca\/english\/wp-json\/wp\/v2\/users\/5"}],"replies":[{"embeddable":true,"href":"https:\/\/chuv.umontreal.ca\/english\/wp-json\/wp\/v2\/comments?post=751"}],"version-history":[{"count":1,"href":"https:\/\/chuv.umontreal.ca\/english\/wp-json\/wp\/v2\/pages\/751\/revisions"}],"predecessor-version":[{"id":2950,"href":"https:\/\/chuv.umontreal.ca\/english\/wp-json\/wp\/v2\/pages\/751\/revisions\/2950"}],"wp:attachment":[{"href":"https:\/\/chuv.umontreal.ca\/english\/wp-json\/wp\/v2\/media?parent=751"}],"curies":[{"name":"wp","href":"https:\/\/api.w.org\/{rel}","templated":true}]}}