{"id":781,"date":"2015-10-15T15:27:51","date_gmt":"2015-10-15T15:27:51","guid":{"rendered":"http:\/\/chuv.umontreal.ca\/english\/?page_id=781"},"modified":"2019-09-18T13:12:13","modified_gmt":"2019-09-18T13:12:13","slug":"customer-service","status":"publish","type":"page","link":"https:\/\/chuv.umontreal.ca\/english\/about-the-chuv\/customer-service\/","title":{"rendered":"Customer service"},"content":{"rendered":"<h1><strong>CUSTOMER SERVICE AT THE CHUV<\/strong><\/h1>\n<p>Since your comments are important to us, we would be obliged if you were to take a few moments to answer our <a href=\"https:\/\/fr.surveymonkey.com\/r\/chuvsurvey\">online survey<\/a>. Please be assured that each comment will be seen to individually and confidentially.<\/p>\n<p>We hope that you are satisfied with your experience at the CHUV. If, in any case, you were not entirely satisfied, you may send us your comments by<span style=\"text-decoration: underline\"> <a href=\"http:\/\/chuv.umontreal.ca\/english\/about-the-chuv\/complaint-form\/\" target=\"_blank\" rel=\"noopener noreferrer\">completing this form<\/a><\/span>. For more information concerning the veterinary code of ethics, please do not hesitate to contact <a href=\"http:\/\/www.omvq.qc.ca\/\" target=\"_blank\" rel=\"noopener noreferrer\">l\u2019Ordre des m\u00e9decins v\u00e9t\u00e9rinaires du Qu\u00e9bec<\/a>.<\/p>\n<p><a href=\"http:\/\/chuv.umontreal.ca\/english\/about-the-chuv\/customer-service\/medical-file-copy-request\/\">Medical file copy request<\/a><\/p>\n","protected":false},"excerpt":{"rendered":"<p>CUSTOMER SERVICE AT THE CHUV Since your comments are important to us, we would be obliged if you were to take a few moments to answer our online survey. Please be assured that each comment will be seen to individually and confidentially. We hope that you are satisfied with your experience at the CHUV. If,&hellip;<\/p>\n","protected":false},"author":5,"featured_media":0,"parent":751,"menu_order":0,"comment_status":"closed","ping_status":"closed","template":"","meta":{"footnotes":""},"class_list":["post-781","page","type-page","status-publish","hentry","description-off"],"yoast_head":"<!-- This site is optimized with the Yoast SEO plugin v27.5 - https:\/\/yoast.com\/product\/yoast-seo-wordpress\/ -->\n<title>Customer service - Internet English<\/title>\n<meta name=\"robots\" content=\"index, follow, max-snippet:-1, max-image-preview:large, max-video-preview:-1\" \/>\n<link rel=\"canonical\" href=\"https:\/\/chuv.umontreal.ca\/english\/about-the-chuv\/customer-service\/\" \/>\n<meta property=\"og:locale\" content=\"en_US\" \/>\n<meta property=\"og:type\" content=\"article\" \/>\n<meta property=\"og:title\" content=\"Customer service - Internet English\" \/>\n<meta property=\"og:description\" content=\"CUSTOMER SERVICE AT THE CHUV Since your comments are important to us, we would be obliged if you were to take a few moments to answer our online survey. Please be assured that each comment will be seen to individually and confidentially. We hope that you are satisfied with your experience at the CHUV. If,&hellip;\" \/>\n<meta property=\"og:url\" content=\"https:\/\/chuv.umontreal.ca\/english\/about-the-chuv\/customer-service\/\" \/>\n<meta property=\"og:site_name\" content=\"Internet English\" \/>\n<meta property=\"article:modified_time\" content=\"2019-09-18T13:12:13+00:00\" \/>\n<meta name=\"twitter:card\" content=\"summary_large_image\" \/>\n<meta name=\"twitter:label1\" content=\"Est. reading time\" \/>\n\t<meta name=\"twitter:data1\" content=\"1 minute\" \/>\n<script type=\"application\/ld+json\" class=\"yoast-schema-graph\">{\"@context\":\"https:\\\/\\\/schema.org\",\"@graph\":[{\"@type\":\"WebPage\",\"@id\":\"https:\\\/\\\/chuv.umontreal.ca\\\/english\\\/about-the-chuv\\\/customer-service\\\/\",\"url\":\"https:\\\/\\\/chuv.umontreal.ca\\\/english\\\/about-the-chuv\\\/customer-service\\\/\",\"name\":\"Customer service - Internet English\",\"isPartOf\":{\"@id\":\"https:\\\/\\\/chuv.umontreal.ca\\\/english\\\/#website\"},\"datePublished\":\"2015-10-15T15:27:51+00:00\",\"dateModified\":\"2019-09-18T13:12:13+00:00\",\"breadcrumb\":{\"@id\":\"https:\\\/\\\/chuv.umontreal.ca\\\/english\\\/about-the-chuv\\\/customer-service\\\/#breadcrumb\"},\"inLanguage\":\"en-US\",\"potentialAction\":[{\"@type\":\"ReadAction\",\"target\":[\"https:\\\/\\\/chuv.umontreal.ca\\\/english\\\/about-the-chuv\\\/customer-service\\\/\"]}]},{\"@type\":\"BreadcrumbList\",\"@id\":\"https:\\\/\\\/chuv.umontreal.ca\\\/english\\\/about-the-chuv\\\/customer-service\\\/#breadcrumb\",\"itemListElement\":[{\"@type\":\"ListItem\",\"position\":1,\"name\":\"Accueil\",\"item\":\"https:\\\/\\\/chuv.umontreal.ca\\\/english\\\/\"},{\"@type\":\"ListItem\",\"position\":2,\"name\":\"About the CHUV\",\"item\":\"https:\\\/\\\/chuv.umontreal.ca\\\/english\\\/about-the-chuv\\\/\"},{\"@type\":\"ListItem\",\"position\":3,\"name\":\"Customer service\"}]},{\"@type\":\"WebSite\",\"@id\":\"https:\\\/\\\/chuv.umontreal.ca\\\/english\\\/#website\",\"url\":\"https:\\\/\\\/chuv.umontreal.ca\\\/english\\\/\",\"name\":\"Internet English\",\"description\":\"Un site utilisant CHUV sites\",\"potentialAction\":[{\"@type\":\"SearchAction\",\"target\":{\"@type\":\"EntryPoint\",\"urlTemplate\":\"https:\\\/\\\/chuv.umontreal.ca\\\/english\\\/?s={search_term_string}\"},\"query-input\":{\"@type\":\"PropertyValueSpecification\",\"valueRequired\":true,\"valueName\":\"search_term_string\"}}],\"inLanguage\":\"en-US\"}]}<\/script>\n<!-- \/ Yoast SEO plugin. -->","yoast_head_json":{"title":"Customer service - Internet English","robots":{"index":"index","follow":"follow","max-snippet":"max-snippet:-1","max-image-preview":"max-image-preview:large","max-video-preview":"max-video-preview:-1"},"canonical":"https:\/\/chuv.umontreal.ca\/english\/about-the-chuv\/customer-service\/","og_locale":"en_US","og_type":"article","og_title":"Customer service - Internet English","og_description":"CUSTOMER SERVICE AT THE CHUV Since your comments are important to us, we would be obliged if you were to take a few moments to answer our online survey. Please be assured that each comment will be seen to individually and confidentially. We hope that you are satisfied with your experience at the CHUV. If,&hellip;","og_url":"https:\/\/chuv.umontreal.ca\/english\/about-the-chuv\/customer-service\/","og_site_name":"Internet English","article_modified_time":"2019-09-18T13:12:13+00:00","twitter_card":"summary_large_image","twitter_misc":{"Est. reading time":"1 minute"},"schema":{"@context":"https:\/\/schema.org","@graph":[{"@type":"WebPage","@id":"https:\/\/chuv.umontreal.ca\/english\/about-the-chuv\/customer-service\/","url":"https:\/\/chuv.umontreal.ca\/english\/about-the-chuv\/customer-service\/","name":"Customer service - Internet English","isPartOf":{"@id":"https:\/\/chuv.umontreal.ca\/english\/#website"},"datePublished":"2015-10-15T15:27:51+00:00","dateModified":"2019-09-18T13:12:13+00:00","breadcrumb":{"@id":"https:\/\/chuv.umontreal.ca\/english\/about-the-chuv\/customer-service\/#breadcrumb"},"inLanguage":"en-US","potentialAction":[{"@type":"ReadAction","target":["https:\/\/chuv.umontreal.ca\/english\/about-the-chuv\/customer-service\/"]}]},{"@type":"BreadcrumbList","@id":"https:\/\/chuv.umontreal.ca\/english\/about-the-chuv\/customer-service\/#breadcrumb","itemListElement":[{"@type":"ListItem","position":1,"name":"Accueil","item":"https:\/\/chuv.umontreal.ca\/english\/"},{"@type":"ListItem","position":2,"name":"About the CHUV","item":"https:\/\/chuv.umontreal.ca\/english\/about-the-chuv\/"},{"@type":"ListItem","position":3,"name":"Customer service"}]},{"@type":"WebSite","@id":"https:\/\/chuv.umontreal.ca\/english\/#website","url":"https:\/\/chuv.umontreal.ca\/english\/","name":"Internet English","description":"Un site utilisant CHUV sites","potentialAction":[{"@type":"SearchAction","target":{"@type":"EntryPoint","urlTemplate":"https:\/\/chuv.umontreal.ca\/english\/?s={search_term_string}"},"query-input":{"@type":"PropertyValueSpecification","valueRequired":true,"valueName":"search_term_string"}}],"inLanguage":"en-US"}]}},"_links":{"self":[{"href":"https:\/\/chuv.umontreal.ca\/english\/wp-json\/wp\/v2\/pages\/781","targetHints":{"allow":["GET"]}}],"collection":[{"href":"https:\/\/chuv.umontreal.ca\/english\/wp-json\/wp\/v2\/pages"}],"about":[{"href":"https:\/\/chuv.umontreal.ca\/english\/wp-json\/wp\/v2\/types\/page"}],"author":[{"embeddable":true,"href":"https:\/\/chuv.umontreal.ca\/english\/wp-json\/wp\/v2\/users\/5"}],"replies":[{"embeddable":true,"href":"https:\/\/chuv.umontreal.ca\/english\/wp-json\/wp\/v2\/comments?post=781"}],"version-history":[{"count":1,"href":"https:\/\/chuv.umontreal.ca\/english\/wp-json\/wp\/v2\/pages\/781\/revisions"}],"predecessor-version":[{"id":2953,"href":"https:\/\/chuv.umontreal.ca\/english\/wp-json\/wp\/v2\/pages\/781\/revisions\/2953"}],"up":[{"embeddable":true,"href":"https:\/\/chuv.umontreal.ca\/english\/wp-json\/wp\/v2\/pages\/751"}],"wp:attachment":[{"href":"https:\/\/chuv.umontreal.ca\/english\/wp-json\/wp\/v2\/media?parent=781"}],"curies":[{"name":"wp","href":"https:\/\/api.w.org\/{rel}","templated":true}]}}