{"id":8,"date":"2013-08-28T16:24:39","date_gmt":"2013-08-28T16:24:39","guid":{"rendered":"http:\/\/prototype2.info-chuv.net\/?page_id=2"},"modified":"2020-01-23T16:44:30","modified_gmt":"2020-01-23T16:44:30","slug":"page-d-exemple-2","status":"publish","type":"page","link":"https:\/\/chuv.umontreal.ca\/intranet\/conge\/","title":{"rendered":"Demandes de cong\u00e9s"},"content":{"rendered":"<div class=\"wpb-content-wrapper\"><p>[vc_row][vc_column][vc_btn title=&#8221;Faire une demande de cong\u00e9&#8221; color=&#8221;sky&#8221; link=&#8221;url:https%3A%2F%2Ffilemaker.chuv.umontreal.ca%2Ffmi%2Fwebd|title:Demande%20de%20cong%C3%A9||&#8221;][vc_empty_space][vc_column_text]<em>Cette section de l&#8217;intranet \u00e9tant accessible de l&#8217;externe, n&#8217;h\u00e9sitez pas \u00e0 vous exp\u00e9dier\u00a0l&#8217;adresse de la page sur votre courriel personnel afin de pouvoir remplir vos demandes de cong\u00e9\u00a0directement de\u00a0la maison!<\/em>[\/vc_column_text][\/vc_column][vc_column][\/vc_column][\/vc_row]<\/p>\n<\/div>","protected":false},"excerpt":{"rendered":"<p>[vc_row][vc_column][vc_btn title=&#8221;Faire une demande de cong\u00e9&#8221; color=&#8221;sky&#8221; link=&#8221;url:https%3A%2F%2Ffilemaker.chuv.umontreal.ca%2Ffmi%2Fwebd|title:Demande%20de%20cong%C3%A9||&#8221;][vc_empty_space][vc_column_text]Cette section de l&#8217;intranet \u00e9tant accessible de l&#8217;externe, n&#8217;h\u00e9sitez pas \u00e0 vous exp\u00e9dier\u00a0l&#8217;adresse de la page sur votre courriel personnel afin de pouvoir remplir vos demandes de cong\u00e9\u00a0directement de\u00a0la maison![\/vc_column_text][\/vc_column][vc_column][\/vc_column][\/vc_row]<\/p>\n","protected":false},"author":5,"featured_media":0,"parent":0,"menu_order":0,"comment_status":"closed","ping_status":"closed","template":"","meta":{"_mc_calendar":[],"footnotes":""},"class_list":["post-8","page","type-page","status-publish","hentry","description-off"],"_links":{"self":[{"href":"https:\/\/chuv.umontreal.ca\/intranet\/conge\/wp-json\/wp\/v2\/pages\/8","targetHints":{"allow":["GET"]}}],"collection":[{"href":"https:\/\/chuv.umontreal.ca\/intranet\/conge\/wp-json\/wp\/v2\/pages"}],"about":[{"href":"https:\/\/chuv.umontreal.ca\/intranet\/conge\/wp-json\/wp\/v2\/types\/page"}],"author":[{"embeddable":true,"href":"https:\/\/chuv.umontreal.ca\/intranet\/conge\/wp-json\/wp\/v2\/users\/5"}],"replies":[{"embeddable":true,"href":"https:\/\/chuv.umontreal.ca\/intranet\/conge\/wp-json\/wp\/v2\/comments?post=8"}],"version-history":[{"count":8,"href":"https:\/\/chuv.umontreal.ca\/intranet\/conge\/wp-json\/wp\/v2\/pages\/8\/revisions"}],"predecessor-version":[{"id":776,"href":"https:\/\/chuv.umontreal.ca\/intranet\/conge\/wp-json\/wp\/v2\/pages\/8\/revisions\/776"}],"wp:attachment":[{"href":"https:\/\/chuv.umontreal.ca\/intranet\/conge\/wp-json\/wp\/v2\/media?parent=8"}],"curies":[{"name":"wp","href":"https:\/\/api.w.org\/{rel}","templated":true}]}}