{"id":120,"date":"2020-11-10T12:47:08","date_gmt":"2020-11-10T17:47:08","guid":{"rendered":"https:\/\/chuv.umontreal.ca\/intranet\/ti\/?page_id=120"},"modified":"2025-12-04T16:34:19","modified_gmt":"2025-12-04T20:34:19","slug":"faq-foire-aux-questions","status":"publish","type":"page","link":"https:\/\/chuv.umontreal.ca\/intranet\/ti\/faq-foire-aux-questions\/","title":{"rendered":"Foire aux questions (FAQ)"},"content":{"rendered":"\n<p><strong>FAQ Dossier M\u00e9dical<\/strong><\/p>\n\n\n\n<ul class=\"lcp_catlist\" id=\"lcp_instance_0\"><\/ul>\n\n\n\n<p><strong>FAQ Pr\u00e9-Admissions\/Visites<\/strong><\/p>\n\n\n\n<ul class=\"lcp_catlist\" id=\"lcp_instance_0\"><li><a href=\"https:\/\/chuv.umontreal.ca\/intranet\/ti\/faq-le-pre-admission-dont-jai-besoin-est-dans-un-statut-de-preconsultation-et-je-ne-peux-pas-lutiliser\/\">FAQ: La pr\u00e9-admission dont j&#8217;ai besoin, est dans un statut de \u00abpr\u00e9-consultation\u00bb et je ne peux pas l&#8217;utiliser (25-08-2022)<\/a><\/li><\/ul>\n\n\n\n<p><strong>FAQ Horaire<\/strong><\/p>\n\n\n\n<ul class=\"lcp_catlist\" id=\"lcp_instance_0\"><li><a href=\"https:\/\/chuv.umontreal.ca\/intranet\/ti\/faq-lordre-des-colonnes-sur-lhoraire-semblant-changer-de-facon-aleatoire\/\">FAQ:  L&#8217;ordre des colonnes sur l&#8217;horaire  semblant changer de fa\u00e7on al\u00e9atoire (14-06-2021)<\/a><\/li><li><a href=\"https:\/\/chuv.umontreal.ca\/intranet\/ti\/horaire-personnalisations\/\">Horaire:  Personnalisations (01-12-2020)<\/a><\/li><li><a href=\"https:\/\/chuv.umontreal.ca\/intranet\/ti\/les-couleurs-de-lhoraire\/\">Les Couleurs de l\u2019horaire (21-09-2020)<\/a><\/li><li><a href=\"https:\/\/chuv.umontreal.ca\/intranet\/ti\/les-icones-de-lhoraire\/\">Les ic\u00f4nes de l\u2019horaire (10-11-2020)<\/a><\/li><\/ul>\n\n\n\n<p><strong>FAQ Facturation<\/strong><\/p>\n\n\n\n<ul class=\"lcp_catlist\" id=\"lcp_instance_0\"><li><a href=\"https:\/\/chuv.umontreal.ca\/intranet\/ti\/ajouter-des-frais-professionnel-durgence-fpu\/\">Ajouter des Frais professionnel d&#8217;urgence (FPU)<\/a><\/li><li><a href=\"https:\/\/chuv.umontreal.ca\/intranet\/ti\/familles-produits-vetview\/\">Familles Produits VetView (08-04-2024)<\/a><\/li><li><a href=\"https:\/\/chuv.umontreal.ca\/intranet\/ti\/faq-je-ne-peux-pas-faire-un-split-bill\/\">FAQ:  Je ne peux pas faire un split bill (17-11-2020)<\/a><\/li><\/ul>\n\n\n\n<p><strong>FAQ Acc\u00e8s informatique<\/strong><\/p>\n\n\n\n<ul class=\"lcp_catlist\" id=\"lcp_instance_0\"><li><a href=\"https:\/\/chuv.umontreal.ca\/intranet\/ti\/vetview-erreur-404-dans-le-fureteur-chrome\/\">VetView erreur 404 dans le fureteur Chrome (19-02-2021)<\/a><\/li><\/ul>\n\n\n\n<p><strong>FAQ R\u00e9f\u00e9rences rapides<\/strong><\/p>\n\n\n\n<ul class=\"lcp_catlist\" id=\"lcp_instance_0\"><li><a href=\"https:\/\/chuv.umontreal.ca\/intranet\/ti\/ajouter-des-frais-professionnel-durgence-fpu\/\">Ajouter des Frais professionnel d&#8217;urgence (FPU)<\/a><\/li><li><a href=\"https:\/\/chuv.umontreal.ca\/intranet\/ti\/accueil_inventaire_prix\/\">Consulter l\u2019inventaire et les prix d\u2019un produit sur la page d\u2019accueil (2024-10-29)<\/a><\/li><li><a href=\"https:\/\/chuv.umontreal.ca\/intranet\/ti\/familles-produits-vetview\/\">Familles Produits VetView (08-04-2024)<\/a><\/li><li><a href=\"https:\/\/chuv.umontreal.ca\/intranet\/ti\/faq-quel-ecran-de-recherche-serait-le-meilleur-pour-mes-besoins\/\">FAQ:  Quel \u00e9cran de recherche serait le meilleur pour mes besoins? (17-03-2021)<\/a><\/li><\/ul>\n\n\n\n<p><strong>Tous FAQ<\/strong><\/p>\n\n\n\n<ul class=\"lcp_catlist\" id=\"lcp_instance_0\"><li><a href=\"https:\/\/chuv.umontreal.ca\/intranet\/ti\/ajouter-des-frais-professionnel-durgence-fpu\/\">Ajouter des Frais professionnel d&#8217;urgence (FPU)<\/a><\/li><li><a href=\"https:\/\/chuv.umontreal.ca\/intranet\/ti\/ajouter-un-ordonnance-entre-visites\/\">Ajouter des m\u00e9dicaments prescrits entre des visites dans le profil pharmacologique (04-02-2021)<\/a><\/li><li><a href=\"https:\/\/chuv.umontreal.ca\/intranet\/ti\/ajouter-une-requete-un-document-dans-le-dossier-patient\/\">Ajouter une requ\u00eate\/un document dans le dossier patient (02-12-2020)<\/a><\/li><li><a href=\"https:\/\/chuv.umontreal.ca\/intranet\/ti\/congespretsaenvoyer\/\">Aviser le secr\u00e9tariat que vos cong\u00e9s sont pr\u00eats \u00e0 \u00eatre envoyer au client\/v\u00e9t\u00e9rinaire r\u00e9f\u00e9rent (04-08-2021)<\/a><\/li><li><a href=\"https:\/\/chuv.umontreal.ca\/intranet\/ti\/ce-qui-change-dans-les-sections-details-et-contacts-du-patient-dans-vetview-5-0\/\">Ce qui change dans les sections D\u00e9tails et contacts du patient dans VetView 5.0<\/a><\/li><li><a href=\"https:\/\/chuv.umontreal.ca\/intranet\/ti\/ventes-boutique\/\">Comment facturer des ventes Boutique (05-04-2022)<\/a><\/li><li><a href=\"https:\/\/chuv.umontreal.ca\/intranet\/ti\/communiquer-que-la-facture-est-prete-a-etre-fermee\/\">Communiquer que la facture est pr\u00eate \u00e0 \u00eatre ferm\u00e9e (31-01-2024)<\/a><\/li><li><a href=\"https:\/\/chuv.umontreal.ca\/intranet\/ti\/accueil_inventaire_prix\/\">Consulter l\u2019inventaire et les prix d\u2019un produit sur la page d\u2019accueil (2024-10-29)<\/a><\/li><li><a href=\"https:\/\/chuv.umontreal.ca\/intranet\/ti\/corriger-une-erreur-dimpression-dans-un-conge-ou-autres\/\">Corriger une erreur d&#8217;impression dans un cong\u00e9 ou autres (07-12-2020)<\/a><\/li><li><a href=\"https:\/\/chuv.umontreal.ca\/intranet\/ti\/explications-administratifs-services-medecine-de-refuge-chuv-et-refuge-petits-mammiferes-juin-2020\/\">Explications administratifs services M\u00e9decine de Refuge CHUV et Refuge petits mammif\u00e8res (16-06-2020)<\/a><\/li><li><a href=\"https:\/\/chuv.umontreal.ca\/intranet\/ti\/explications-des-demandes-dacces-vetview\/\">Explications des demandes d\u2019acc\u00e8s VetView<\/a><\/li><li><a href=\"https:\/\/chuv.umontreal.ca\/intranet\/ti\/familles-produits-vetview\/\">Familles Produits VetView (08-04-2024)<\/a><\/li><li><a href=\"https:\/\/chuv.umontreal.ca\/intranet\/ti\/faq-incapable-de-changer-le-statut-de-la-visite-vers-hospitalise\/\">FAQ:  Incapable de changer le statut de la visite vers \u00abhospitalis\u00e9\u00bb (08-06-2021)<\/a><\/li><li><a href=\"https:\/\/chuv.umontreal.ca\/intranet\/ti\/faq-je-ne-peux-pas-faire-un-split-bill\/\">FAQ:  Je ne peux pas faire un split bill (17-11-2020)<\/a><\/li><li><a href=\"https:\/\/chuv.umontreal.ca\/intranet\/ti\/faq-lordre-des-colonnes-sur-lhoraire-semblant-changer-de-facon-aleatoire\/\">FAQ:  L&#8217;ordre des colonnes sur l&#8217;horaire  semblant changer de fa\u00e7on al\u00e9atoire (14-06-2021)<\/a><\/li><li><a href=\"https:\/\/chuv.umontreal.ca\/intranet\/ti\/faq-quel-ecran-de-recherche-serait-le-meilleur-pour-mes-besoins\/\">FAQ:  Quel \u00e9cran de recherche serait le meilleur pour mes besoins? (17-03-2021)<\/a><\/li><li><a href=\"https:\/\/chuv.umontreal.ca\/intranet\/ti\/faq-le-pre-admission-dont-jai-besoin-est-dans-un-statut-de-preconsultation-et-je-ne-peux-pas-lutiliser\/\">FAQ: La pr\u00e9-admission dont j&#8217;ai besoin, est dans un statut de \u00abpr\u00e9-consultation\u00bb et je ne peux pas l&#8217;utiliser (25-08-2022)<\/a><\/li><li><a href=\"https:\/\/chuv.umontreal.ca\/intranet\/ti\/gestion-certificat-de-preadmission-hopital-equin-dans-vetview\/\">Gestion \u00abCertificat de pr\u00e9admission H\u00f4pital \u00c9quin\u00bb dans VetView, cas \u00e9lectifs, planfi\u00e9s, sur rendez-vous (29-01-2021)<\/a><\/li><li><a href=\"https:\/\/chuv.umontreal.ca\/intranet\/ti\/gestion-certificat-de-preadmission-hopital-equin-dans-vetview-cas-semi-urgents-et-urgents-non-planifies-davance-29-01-2021\/\">Gestion \u00abCertificat de pr\u00e9admission H\u00f4pital \u00c9quin\u00bb dans VetView, Cas semi-urgents et urgents, non planifi\u00e9s d\u2019avance (29-01-2021)<\/a><\/li><li><a href=\"https:\/\/chuv.umontreal.ca\/intranet\/ti\/gestion-de-votre-profil-vetview\/\">Gestion de votre profil VetView (11-12-2020)<\/a><\/li><li><a href=\"https:\/\/chuv.umontreal.ca\/intranet\/ti\/gestionemployechuvassure\/\">Gestion du dossier administrative du client \u00abCHUV Employ\u00e9 Assur\u00e9\u00bb (09-12-2021)<\/a><\/li><li><a href=\"https:\/\/chuv.umontreal.ca\/intranet\/ti\/horaire-personnalisations\/\">Horaire:  Personnalisations (01-12-2020)<\/a><\/li><li><a href=\"https:\/\/chuv.umontreal.ca\/intranet\/ti\/les-couleurs-de-lhoraire\/\">Les Couleurs de l\u2019horaire (21-09-2020)<\/a><\/li><li><a href=\"https:\/\/chuv.umontreal.ca\/intranet\/ti\/les-icones-de-lhoraire\/\">Les ic\u00f4nes de l\u2019horaire (10-11-2020)<\/a><\/li><li><a href=\"https:\/\/chuv.umontreal.ca\/intranet\/ti\/procedure-pour-lajout-de-photos-dans-le-logiciel-vetview\/\">Proc\u00e9dure pour l\u2019ajout de photos dans le logiciel VetView (07-12-2020)<\/a><\/li><li><a href=\"https:\/\/chuv.umontreal.ca\/intranet\/ti\/retourner-annuler-un-ordonnance-deja-remplie\/\">Retourner (annuler) un ordonnance d\u00e9j\u00e0 remplie (15-12-2020)<\/a><\/li><li><a href=\"https:\/\/chuv.umontreal.ca\/intranet\/ti\/soumettre-et-remplir-une-ordonnance-dans-un-dispensaire-clinique\/\">Soumettre et remplir une ordonnance dans un dispensaire clinique (17-03-2021)<\/a><\/li><li><a href=\"https:\/\/chuv.umontreal.ca\/intranet\/ti\/soumettre-une-demande-de-reapprovisionnement-clinique\/\">Soumettre une demande de r\u00e9approvisionnement clinique (28-11-2021)<\/a><\/li><li><a href=\"https:\/\/chuv.umontreal.ca\/intranet\/ti\/support-technique-relatif-a-la-double-authentification\/\">Support technique relatif \u00e0 la double authentification (24-12-2021)<\/a><\/li><li><a href=\"https:\/\/chuv.umontreal.ca\/intranet\/ti\/trouver-un-client-ecran-recherche-client\/\">Trouver un client (\u00e9cran Recherche client) (08-03-2021)<\/a><\/li><li><a href=\"https:\/\/chuv.umontreal.ca\/intranet\/ti\/vetview-erreur-404-dans-le-fureteur-chrome\/\">VetView erreur 404 dans le fureteur Chrome (19-02-2021)<\/a><\/li><li><a href=\"https:\/\/chuv.umontreal.ca\/intranet\/ti\/vider-la-cache-dun-fureteur\/\">Vider la cache d&#8217;un fureteur (17-03-2021)<\/a><\/li><li><a href=\"https:\/\/chuv.umontreal.ca\/intranet\/ti\/zones-dinventaire-chuv\/\">Zones d&#8217;inventaire CHUV (29-11-2021)<\/a><\/li><\/ul>\n\n\n\n<p><strong>Formulaires<\/strong><\/p>\n\n\n\n<ul class=\"lcp_catlist\" id=\"lcp_instance_0\"><li><a href=\"https:\/\/chuv.umontreal.ca\/intranet\/ti\/codes-espece-race\/\">Formulaire : Demander codes Omni-LabVantage esp\u00e8ce-race<\/a><\/li><li><a href=\"https:\/\/chuv.umontreal.ca\/intranet\/ti\/demande-techno-chuv\/\">Formulaire: Contacter l&#8217;\u00e9quipe Techno-CHUV<\/a><\/li><\/ul>\n","protected":false},"excerpt":{"rendered":"<p>FAQ Dossier M\u00e9dical FAQ Pr\u00e9-Admissions\/Visites FAQ Horaire FAQ Facturation FAQ Acc\u00e8s informatique FAQ R\u00e9f\u00e9rences rapides Tous FAQ Formulaires<\/p>\n","protected":false},"author":3,"featured_media":0,"parent":0,"menu_order":0,"comment_status":"closed","ping_status":"closed","template":"","meta":{"_mc_calendar":[],"footnotes":""},"categories":[],"tags":[],"class_list":["post-120","page","type-page","status-publish","hentry"],"_links":{"self":[{"href":"https:\/\/chuv.umontreal.ca\/intranet\/ti\/wp-json\/wp\/v2\/pages\/120","targetHints":{"allow":["GET"]}}],"collection":[{"href":"https:\/\/chuv.umontreal.ca\/intranet\/ti\/wp-json\/wp\/v2\/pages"}],"about":[{"href":"https:\/\/chuv.umontreal.ca\/intranet\/ti\/wp-json\/wp\/v2\/types\/page"}],"author":[{"embeddable":true,"href":"https:\/\/chuv.umontreal.ca\/intranet\/ti\/wp-json\/wp\/v2\/users\/3"}],"replies":[{"embeddable":true,"href":"https:\/\/chuv.umontreal.ca\/intranet\/ti\/wp-json\/wp\/v2\/comments?post=120"}],"version-history":[{"count":11,"href":"https:\/\/chuv.umontreal.ca\/intranet\/ti\/wp-json\/wp\/v2\/pages\/120\/revisions"}],"predecessor-version":[{"id":8607,"href":"https:\/\/chuv.umontreal.ca\/intranet\/ti\/wp-json\/wp\/v2\/pages\/120\/revisions\/8607"}],"wp:attachment":[{"href":"https:\/\/chuv.umontreal.ca\/intranet\/ti\/wp-json\/wp\/v2\/media?parent=120"}],"wp:term":[{"taxonomy":"category","embeddable":true,"href":"https:\/\/chuv.umontreal.ca\/intranet\/ti\/wp-json\/wp\/v2\/categories?post=120"},{"taxonomy":"post_tag","embeddable":true,"href":"https:\/\/chuv.umontreal.ca\/intranet\/ti\/wp-json\/wp\/v2\/tags?post=120"}],"curies":[{"name":"wp","href":"https:\/\/api.w.org\/{rel}","templated":true}]}}