{"id":146,"date":"2020-11-10T13:07:20","date_gmt":"2020-11-10T18:07:20","guid":{"rendered":"https:\/\/chuv.umontreal.ca\/intranet\/ti\/?page_id=146"},"modified":"2025-03-07T11:12:15","modified_gmt":"2025-03-07T15:12:15","slug":"portail-des-logiciels","status":"publish","type":"page","link":"https:\/\/chuv.umontreal.ca\/intranet\/ti\/portail-des-logiciels\/","title":{"rendered":"Portail des logiciels"},"content":{"rendered":"\n<h4 class=\"wp-block-heading\">Outils administratifs<\/h4>\n\n\n\n<ul class=\"wp-block-list\">\n<li><a href=\"https:\/\/outlook.office365.com\/\" target=\"_blank\" rel=\"noreferrer noopener\">Acc\u00e8s aux courriels de l\u2019universit\u00e9<\/a><\/li>\n\n\n\n<li><a href=\"https:\/\/onedrive.live.com\/about\/fr-fr\/signin\/\" target=\"_blank\" rel=\"noreferrer noopener\">Acc\u00e8s \u00e0 OneDrive<\/a><\/li>\n\n\n\n<li><a href=\"https:\/\/rapports.chuv.umontreal.ca\" target=\"_blank\" rel=\"noreferrer noopener\">JasperReports<\/a><\/li>\n\n\n\n<li><a href=\"https:\/\/filemaker.chuv.umontreal.ca\/fmi\/webd\/CHUVfluence\" target=\"_blank\" rel=\"noreferrer noopener\">CHUVFluence<\/a><\/li>\n\n\n\n<li><a href=\"https:\/\/filemaker.chuv.umontreal.ca\/fmi\/webd\">Demande d\u2019achats\/r\u00e9parations<\/a>&nbsp;(cliquer sur \u00abAchats_Reparations\u00bb)<\/li>\n\n\n\n<li><a href=\"https:\/\/filemaker.chuv.umontreal.ca\/fmi\/webd\" target=\"_blank\" rel=\"noreferrer noopener\">Demande de cong\u00e9 et\/ou T.S.<\/a>&nbsp;(cliquer sur \u00abGestionPersonnel\u00bb)<\/li>\n\n\n\n<li><a href=\"https:\/\/filemaker.chuv.umontreal.ca\/fmi\/webd\/\">Suivi de m\u00e9nage CHUV<\/a> (cliquer sur \u00abEntretienMenager\u00bb)<\/li>\n<\/ul>\n\n\n\n<h4 class=\"wp-block-heading\">Outils Dossier M\u00e9dical, patients CHUV:<\/h4>\n\n\n\n<ul class=\"wp-block-list\">\n<li><a href=\"https:\/\/vetview.chuv.umontreal.ca\/\" target=\"_blank\" rel=\"noreferrer noopener\">VetView CHUV<\/a><\/li>\n\n\n\n<li><a href=\"https:\/\/imagerie.chuv.umontreal.ca\/\" target=\"_blank\" rel=\"noreferrer noopener\">Synapse Mobility<\/a><\/li>\n<\/ul>\n\n\n\n<h4 class=\"wp-block-heading\"><strong>Outils Dossier M\u00e9dical, Cours FMV (DMV 3414) :<\/strong> <\/h4>\n\n\n\n<ul class=\"wp-block-list\">\n<li><a href=\"https:\/\/fmvvetview.chuv.umontreal.ca\" target=\"_blank\" rel=\"noreferrer noopener\">VetView FMV<\/a> : a<em>ccessible uniquement aux \u00e9tudiants de 3e et 4e ann\u00e9e de la FMV ou au personnel enseignant li\u00e9 au cours.<\/em><\/li>\n<\/ul>\n\n\n\n<h4 class=\"wp-block-heading\">Liens pour le Soutien Technique:<\/h4>\n\n\n\n<ul class=\"wp-block-list\">\n<li><a href=\"https:\/\/chuv.umontreal.ca\/intranet\/ti\/demande-techno-chuv\/\" data-type=\"post\" data-id=\"136\">Techno-CHUV<\/a>&nbsp;(Formulaire demande de soutien)<\/li>\n\n\n\n<li><a href=\"http:\/\/www.dgtic.umontreal.ca\/formulaires\/aide.html\">La DGTIC<\/a><\/li>\n<\/ul>\n\n\n\n<h4 class=\"wp-block-heading\"><strong>Autre outils<\/strong><\/h4>\n\n\n\n<ul class=\"wp-block-list\">\n<li><a href=\"https:\/\/fvc.umontreal.ca\/\" target=\"_blank\" rel=\"noreferrer noopener\">Platforme de formation vid\u00e9os en ligne L\u00c4RA<\/a><\/li>\n<\/ul>\n","protected":false},"excerpt":{"rendered":"<p>Outils administratifs Outils Dossier M\u00e9dical, patients CHUV: Outils Dossier M\u00e9dical, Cours FMV (DMV 3414) : Liens pour le Soutien Technique: Autre outils<\/p>\n","protected":false},"author":3,"featured_media":0,"parent":0,"menu_order":0,"comment_status":"closed","ping_status":"closed","template":"","meta":{"_mc_calendar":[],"footnotes":""},"categories":[],"tags":[],"class_list":["post-146","page","type-page","status-publish","hentry"],"_links":{"self":[{"href":"https:\/\/chuv.umontreal.ca\/intranet\/ti\/wp-json\/wp\/v2\/pages\/146","targetHints":{"allow":["GET"]}}],"collection":[{"href":"https:\/\/chuv.umontreal.ca\/intranet\/ti\/wp-json\/wp\/v2\/pages"}],"about":[{"href":"https:\/\/chuv.umontreal.ca\/intranet\/ti\/wp-json\/wp\/v2\/types\/page"}],"author":[{"embeddable":true,"href":"https:\/\/chuv.umontreal.ca\/intranet\/ti\/wp-json\/wp\/v2\/users\/3"}],"replies":[{"embeddable":true,"href":"https:\/\/chuv.umontreal.ca\/intranet\/ti\/wp-json\/wp\/v2\/comments?post=146"}],"version-history":[{"count":23,"href":"https:\/\/chuv.umontreal.ca\/intranet\/ti\/wp-json\/wp\/v2\/pages\/146\/revisions"}],"predecessor-version":[{"id":8249,"href":"https:\/\/chuv.umontreal.ca\/intranet\/ti\/wp-json\/wp\/v2\/pages\/146\/revisions\/8249"}],"wp:attachment":[{"href":"https:\/\/chuv.umontreal.ca\/intranet\/ti\/wp-json\/wp\/v2\/media?parent=146"}],"wp:term":[{"taxonomy":"category","embeddable":true,"href":"https:\/\/chuv.umontreal.ca\/intranet\/ti\/wp-json\/wp\/v2\/categories?post=146"},{"taxonomy":"post_tag","embeddable":true,"href":"https:\/\/chuv.umontreal.ca\/intranet\/ti\/wp-json\/wp\/v2\/tags?post=146"}],"curies":[{"name":"wp","href":"https:\/\/api.w.org\/{rel}","templated":true}]}}