{"id":219,"date":"2020-11-10T14:06:27","date_gmt":"2020-11-10T19:06:27","guid":{"rendered":"https:\/\/chuv.umontreal.ca\/intranet\/ti\/?page_id=219"},"modified":"2023-09-22T08:50:56","modified_gmt":"2023-09-22T12:50:56","slug":"vetview-fmv","status":"publish","type":"page","link":"https:\/\/chuv.umontreal.ca\/intranet\/ti\/vetview-fmv\/","title":{"rendered":"Soutien VetView FMV (DMV 3414)"},"content":{"rendered":"\n<p><strong><em>NB: &nbsp;Les \u00e9tudiants 3e, 4e et 5e ann\u00e9e peuvent avoir 2 comptes VetView. &nbsp;Ce formulaire de demande de soutien est sp\u00e9cifiquement pour l\u2019installation de VetView utilis\u00e9 \u00e0 la FMV (VetView pour les cours de chirurgie 3e et 4e ann\u00e9e (DMV 3414)). &nbsp;Si vous avez un probl\u00e8me avec l&#8217;installation VetView utilis\u00e9 au CHUV (celui utilis\u00e9 en&nbsp;clinique au CHUV), svp voir notre&nbsp;<\/em><a href=\"https:\/\/chuv.umontreal.ca\/intranet\/ti\/demande-techno-chuv\/\">demande de soutien technique CHUV<\/a><em>.<\/em><\/strong><\/p>\n\n\n\n<p><\/p>\n\n\n<div class=\"wpforms-container wpforms-container-full wpforms-container-save-resume wpforms-block wpforms-block-8ac4faa3-8e1a-452e-94e9-79e07cee1f5e\" id=\"wpforms-6307\"><form id=\"wpforms-form-6307\" class=\"wpforms-validate wpforms-form wpforms-ajax-form\" data-formid=\"6307\" method=\"post\" enctype=\"multipart\/form-data\" action=\"\/intranet\/ti\/wp-json\/wp\/v2\/pages\/219\" data-token=\"08d1be9a8e07841bc693f1ffede7ea00\" data-token-time=\"1775496312\"><noscript class=\"wpforms-error-noscript\">Please enable JavaScript in your browser to complete this form.<\/noscript><div class=\"wpforms-field-container\"><div id=\"wpforms-6307-field_35-container\" class=\"wpforms-field wpforms-field-select wpforms-conditional-trigger wpforms-field-select-style-classic\" data-field-id=\"35\"><label class=\"wpforms-field-label\" for=\"wpforms-6307-field_35\">Type de demande<\/label><select id=\"wpforms-6307-field_35\" class=\"wpforms-field-medium\" name=\"wpforms[fields][35]\"><option value=\"SVP, s\u00e9lectionner un type de soutien\"  class=\"choice-6 depth-1\"  >SVP, s\u00e9lectionner un type de soutien<\/option><option value=\"Donner acc\u00e8s VetView FMV - personnel FMV\"  class=\"choice-1 depth-1\"  >Donner acc\u00e8s VetView FMV &#8211; personnel FMV<\/option><option value=\"Retirer acc\u00e8s VetView FMV\"  class=\"choice-2 depth-1\"  >Retirer acc\u00e8s VetView FMV<\/option><option value=\"Ajouter M\u00c9DICAMENT dans VetView FMV\"  class=\"choice-3 depth-1\"  >Ajouter M\u00c9DICAMENT dans VetView FMV<\/option><option value=\"Probl\u00e8me de compte \u00e9tudiant VetView FMV\"  class=\"choice-4 depth-1\"  >Probl\u00e8me de compte \u00e9tudiant VetView FMV<\/option><option value=\"Autre soutien TI VetView FMV\"  class=\"choice-5 depth-1\"  >Autre soutien TI VetView FMV<\/option><\/select><\/div><div id=\"wpforms-6307-field_36-container\" class=\"wpforms-field wpforms-field-name wpforms-conditional-field wpforms-conditional-hide\" data-field-id=\"36\"><label class=\"wpforms-field-label\" for=\"wpforms-6307-field_36\">Sujet (pour courriel) <span class=\"wpforms-required-label\">*<\/span><\/label><input type=\"text\" id=\"wpforms-6307-field_36\" class=\"wpforms-field-medium wpforms-field-required\" name=\"wpforms[fields][36]\" required><\/div><div id=\"wpforms-6307-field_0-container\" class=\"wpforms-field wpforms-field-name wpforms-conditional-field wpforms-conditional-hide\" data-field-id=\"0\"><label class=\"wpforms-field-label\" for=\"wpforms-6307-field_0\">Vos pr\u00e9nom et nom (demandeur) <span class=\"wpforms-required-label\">*<\/span><\/label><input type=\"text\" id=\"wpforms-6307-field_0\" class=\"wpforms-field-medium wpforms-field-required\" name=\"wpforms[fields][0]\" required><\/div><div id=\"wpforms-6307-field_1-container\" class=\"wpforms-field wpforms-field-email wpforms-conditional-field wpforms-conditional-hide\" data-field-id=\"1\"><label class=\"wpforms-field-label\" for=\"wpforms-6307-field_1\">Votre courriel @umontreal.ca (demandeur) <span class=\"wpforms-required-label\">*<\/span><\/label><input type=\"email\" id=\"wpforms-6307-field_1\" class=\"wpforms-field-medium wpforms-field-required\" name=\"wpforms[fields][1]\" spellcheck=\"false\" required><\/div><div id=\"wpforms-6307-field_6-container\" class=\"wpforms-field wpforms-field-text wpforms-conditional-field wpforms-conditional-hide\" data-field-id=\"6\"><label class=\"wpforms-field-label\" for=\"wpforms-6307-field_6\">Votre nom d&#039;usager UdeM <span class=\"wpforms-required-label\">*<\/span><\/label><input type=\"text\" id=\"wpforms-6307-field_6\" class=\"wpforms-field-medium wpforms-field-required\" name=\"wpforms[fields][6]\" required><div class=\"wpforms-field-description\">NB: Votre nom d&#8217;usager UdeM est le nom d&#8217;usager utilis\u00e9 pour ouvrir des services universitaires (par exemple des ordinateurs, des services Studium\/bibliot\u00e8que, etc.). SVP ne jamais fournir votre mot de passe.<\/div><\/div><div id=\"wpforms-6307-field_28-container\" class=\"wpforms-field wpforms-field-radio wpforms-conditional-field wpforms-conditional-show wpforms-conditional-trigger\" data-field-id=\"28\" style=\"display:none;\"><label class=\"wpforms-field-label\">Acc\u00e8s VetView \u00e0 donner<\/label><ul id=\"wpforms-6307-field_28\"><li class=\"choice-1 depth-1\"><input type=\"radio\" id=\"wpforms-6307-field_28_1\" name=\"wpforms[fields][28]\" value=\"V\u00e9t\u00e9rinaire avec approbation ordonnance\"  ><label class=\"wpforms-field-label-inline\" for=\"wpforms-6307-field_28_1\">V\u00e9t\u00e9rinaire avec approbation ordonnance<\/label><\/li><li class=\"choice-2 depth-1\"><input type=\"radio\" id=\"wpforms-6307-field_28_2\" name=\"wpforms[fields][28]\" value=\"V\u00e9t\u00e9rinaire sans approbation ordonnance\"  ><label class=\"wpforms-field-label-inline\" for=\"wpforms-6307-field_28_2\">V\u00e9t\u00e9rinaire sans approbation ordonnance<\/label><\/li><li class=\"choice-3 depth-1\"><input type=\"radio\" id=\"wpforms-6307-field_28_3\" name=\"wpforms[fields][28]\" value=\"TSA\"  ><label class=\"wpforms-field-label-inline\" for=\"wpforms-6307-field_28_3\">TSA<\/label><\/li><\/ul><\/div><div id=\"wpforms-6307-field_29-container\" class=\"wpforms-field wpforms-field-text wpforms-conditional-field wpforms-conditional-show\" data-field-id=\"29\" style=\"display:none;\"><label class=\"wpforms-field-label\" for=\"wpforms-6307-field_29\"># OMVQ <span class=\"wpforms-required-label\">*<\/span><\/label><input type=\"text\" id=\"wpforms-6307-field_29\" class=\"wpforms-field-medium wpforms-field-required\" name=\"wpforms[fields][29]\" required><div class=\"wpforms-field-description\">L&#8217;\u00e9quipe Techno-CHUV ne peut pas donner acc\u00e8s approbations ordonnances sans un #OMVQ valid.<\/div><\/div><div id=\"wpforms-6307-field_21-container\" class=\"wpforms-field wpforms-field-text wpforms-conditional-field wpforms-conditional-show\" data-field-id=\"21\" style=\"display:none;\"><label class=\"wpforms-field-label\" for=\"wpforms-6307-field_21\">Nom d&#039;usager UdeM (utilisateur) <span class=\"wpforms-required-label\">*<\/span><\/label><input type=\"text\" id=\"wpforms-6307-field_21\" class=\"wpforms-field-medium wpforms-field-required\" name=\"wpforms[fields][21]\" required><\/div><div id=\"wpforms-6307-field_19-container\" class=\"wpforms-field wpforms-field-name wpforms-conditional-field wpforms-conditional-show\" data-field-id=\"19\" style=\"display:none;\"><label class=\"wpforms-field-label\" for=\"wpforms-6307-field_19\">Pr\u00e9nom et nom (utilisateur) <span class=\"wpforms-required-label\">*<\/span><\/label><input type=\"text\" id=\"wpforms-6307-field_19\" class=\"wpforms-field-medium wpforms-field-required\" name=\"wpforms[fields][19]\" required><\/div><div id=\"wpforms-6307-field_20-container\" class=\"wpforms-field wpforms-field-email wpforms-conditional-field wpforms-conditional-show\" data-field-id=\"20\" style=\"display:none;\"><label class=\"wpforms-field-label\" for=\"wpforms-6307-field_20\">Courriel @umontreal.ca (utilisateur) <span class=\"wpforms-required-label\">*<\/span><\/label><input type=\"email\" id=\"wpforms-6307-field_20\" class=\"wpforms-field-medium wpforms-field-required\" name=\"wpforms[fields][20]\" spellcheck=\"false\" required><\/div><div id=\"wpforms-6307-field_24-container\" class=\"wpforms-field wpforms-field-date-time wpforms-conditional-field wpforms-conditional-show\" data-field-id=\"24\" style=\"display:none;\"><label class=\"wpforms-field-label\" for=\"wpforms-6307-field_24\">Date d\u00e9but d&#039;acc\u00e8s <span class=\"wpforms-required-label\">*<\/span><\/label><div class=\"wpforms-datepicker-wrap\"><input type=\"text\" id=\"wpforms-6307-field_24\" class=\"wpforms-field-date-time-date wpforms-datepicker wpforms-field-required wpforms-field-medium\" data-date-format=\"m\/d\/Y\" data-disable-past-dates=\"0\" data-input=\"true\" name=\"wpforms[fields][24][date]\" required><a title=\"Clear Date\" data-clear role=\"button\" tabindex=\"0\" class=\"wpforms-datepicker-clear\" aria-label=\"Clear Date\" style=\"display:none;\"><\/a><\/div><\/div><div id=\"wpforms-6307-field_26-container\" class=\"wpforms-field wpforms-field-date-time wpforms-conditional-field wpforms-conditional-show\" data-field-id=\"26\" style=\"display:none;\"><label class=\"wpforms-field-label\" for=\"wpforms-6307-field_26\">Si acc\u00e8s temporaire, date fin d&#039;acc\u00e8s<\/label><div class=\"wpforms-datepicker-wrap\"><input type=\"text\" id=\"wpforms-6307-field_26\" class=\"wpforms-field-date-time-date wpforms-datepicker wpforms-field-medium\" data-date-format=\"m\/d\/Y\" data-disable-past-dates=\"0\" data-input=\"true\" name=\"wpforms[fields][26][date]\" ><a title=\"Clear Date\" data-clear role=\"button\" tabindex=\"0\" class=\"wpforms-datepicker-clear\" aria-label=\"Clear Date\" style=\"display:none;\"><\/a><\/div><\/div><div id=\"wpforms-6307-field_25-container\" class=\"wpforms-field wpforms-field-date-time wpforms-conditional-field wpforms-conditional-show\" data-field-id=\"25\" style=\"display:none;\"><label class=\"wpforms-field-label\" for=\"wpforms-6307-field_25\">Date fin d&#039;acc\u00e8s <span class=\"wpforms-required-label\">*<\/span><\/label><div class=\"wpforms-datepicker-wrap\"><input type=\"text\" id=\"wpforms-6307-field_25\" class=\"wpforms-field-date-time-date wpforms-datepicker wpforms-field-required wpforms-field-medium\" data-date-format=\"m\/d\/Y\" data-disable-past-dates=\"0\" data-input=\"true\" name=\"wpforms[fields][25][date]\" required><a title=\"Clear Date\" data-clear role=\"button\" tabindex=\"0\" class=\"wpforms-datepicker-clear\" aria-label=\"Clear Date\" style=\"display:none;\"><\/a><\/div><\/div><div id=\"wpforms-6307-field_16-container\" class=\"wpforms-field wpforms-field-text wpforms-conditional-field wpforms-conditional-show\" data-field-id=\"16\" style=\"display:none;\"><label class=\"wpforms-field-label\" for=\"wpforms-6307-field_16\">l&#039;ann\u00e9e pr\u00e9vue pour la fin des \u00e9tudes FMV <span class=\"wpforms-required-label\">*<\/span><\/label><input type=\"text\" id=\"wpforms-6307-field_16\" class=\"wpforms-field-medium wpforms-field-required\" name=\"wpforms[fields][16]\" required><\/div><div id=\"wpforms-6307-field_17-container\" class=\"wpforms-field wpforms-field-radio wpforms-conditional-field wpforms-conditional-show wpforms-conditional-trigger\" data-field-id=\"17\" style=\"display:none;\"><label class=\"wpforms-field-label\">Type de probl\u00e8me <span class=\"wpforms-required-label\">*<\/span><\/label><ul id=\"wpforms-6307-field_17\" class=\"wpforms-field-required\"><li class=\"choice-1 depth-1\"><input type=\"radio\" id=\"wpforms-6307-field_17_1\" name=\"wpforms[fields][17]\" value=\"Je n&#039;ai pas de compte VetView FMV\" required ><label class=\"wpforms-field-label-inline\" for=\"wpforms-6307-field_17_1\">Je n&#8217;ai pas de compte VetView FMV<\/label><\/li><li class=\"choice-2 depth-1\"><input type=\"radio\" id=\"wpforms-6307-field_17_2\" name=\"wpforms[fields][17]\" value=\"Mon compte VetView FMV ne fonctionne plus\" required ><label class=\"wpforms-field-label-inline\" for=\"wpforms-6307-field_17_2\">Mon compte VetView FMV ne fonctionne plus<\/label><\/li><li class=\"choice-3 depth-1\"><input type=\"radio\" id=\"wpforms-6307-field_17_3\" name=\"wpforms[fields][17]\" value=\"Soutien g\u00e9n\u00e9rale\" required ><label class=\"wpforms-field-label-inline\" for=\"wpforms-6307-field_17_3\">Soutien g\u00e9n\u00e9rale<\/label><\/li><\/ul><\/div><div id=\"wpforms-6307-field_27-container\" class=\"wpforms-field wpforms-field-textarea wpforms-conditional-field wpforms-conditional-show\" data-field-id=\"27\" style=\"display:none;\"><label class=\"wpforms-field-label\" for=\"wpforms-6307-field_27\">Comment est-ce que nous pouvons vous aider? <span class=\"wpforms-required-label\">*<\/span><\/label><textarea id=\"wpforms-6307-field_27\" class=\"wpforms-field-medium wpforms-field-required\" name=\"wpforms[fields][27]\" required><\/textarea><\/div><div id=\"wpforms-6307-field_30-container\" class=\"wpforms-field wpforms-field-textarea wpforms-conditional-field wpforms-conditional-show\" data-field-id=\"30\" style=\"display:none;\"><label class=\"wpforms-field-label\" for=\"wpforms-6307-field_30\">SVP fournir des d\u00e9tails pour le produit <span class=\"wpforms-required-label\">*<\/span><\/label><textarea id=\"wpforms-6307-field_30\" class=\"wpforms-field-medium wpforms-field-required\" name=\"wpforms[fields][30]\" required><\/textarea><div class=\"wpforms-field-description\">Pour la CR\u00c9ATION d&#8217;un produit, il faut fournir au moins le nom d\u00e9sir\u00e9 pour le produit et l&#8217;unit\u00e9 de vente (en titre d&#8217;exemple un unit\u00e9 de vente peut \u00eatre pilule, capsule, unit\u00e9, tube, etc.) pour pouvoir cr\u00e9er le produit.  Pour la MODIFICATION d&#8217;un produit, vous avez besoin de fournir le(s) num\u00e9ro(s) de produit et nom(s) de produit pour \u00e9viter des erreurs dans la traitement de la demande.<\/div><\/div><div id=\"wpforms-6307-field_2-container\" class=\"wpforms-field wpforms-field-textarea wpforms-conditional-field wpforms-conditional-hide\" data-field-id=\"2\"><label class=\"wpforms-field-label\" for=\"wpforms-6307-field_2\">Autres commentaires pour l&#039;\u00e9quipe Techno-CHUV<\/label><textarea id=\"wpforms-6307-field_2\" class=\"wpforms-field-medium\" name=\"wpforms[fields][2]\" ><\/textarea><\/div><div id=\"wpforms-6307-field_31-container\" class=\"wpforms-field wpforms-field-email wpforms-conditional-field wpforms-conditional-hide\" data-field-id=\"31\"><label class=\"wpforms-field-label\" for=\"wpforms-6307-field_31\">C. C. (1)<\/label><input type=\"email\" id=\"wpforms-6307-field_31\" class=\"wpforms-field-medium\" name=\"wpforms[fields][31]\" spellcheck=\"false\" ><\/div><div id=\"wpforms-6307-field_33-container\" class=\"wpforms-field wpforms-field-email wpforms-conditional-field wpforms-conditional-hide\" data-field-id=\"33\"><label class=\"wpforms-field-label\" for=\"wpforms-6307-field_33\">C. C. (2)<\/label><input type=\"email\" id=\"wpforms-6307-field_33\" class=\"wpforms-field-medium\" name=\"wpforms[fields][33]\" spellcheck=\"false\" ><\/div><div id=\"wpforms-6307-field_32-container\" class=\"wpforms-field wpforms-field-email wpforms-conditional-field wpforms-conditional-hide\" data-field-id=\"32\"><label class=\"wpforms-field-label\" for=\"wpforms-6307-field_32\">C. C. (3)<\/label><input type=\"email\" id=\"wpforms-6307-field_32\" class=\"wpforms-field-medium\" name=\"wpforms[fields][32]\" spellcheck=\"false\" ><\/div><\/div><!-- .wpforms-field-container --><div class=\"wpforms-submit-container\" ><input type=\"hidden\" name=\"wpforms[id]\" value=\"6307\"><input type=\"hidden\" name=\"page_title\" value=\"\"><input type=\"hidden\" name=\"page_url\" value=\"https:\/\/chuv.umontreal.ca\/intranet\/ti\/wp-json\/wp\/v2\/pages\/219\"><input type=\"hidden\" name=\"url_referer\" value=\"\"><button type=\"submit\" name=\"wpforms[submit]\" id=\"wpforms-submit-6307\" class=\"wpforms-submit\" data-alt-text=\"Envoi en cours...\" data-submit-text=\"Soumettre\" aria-live=\"assertive\" value=\"wpforms-submit\">Soumettre<\/button><img loading=\"lazy\" decoding=\"async\" src=\"https:\/\/chuv.umontreal.ca\/intranet\/ti\/wp-content\/plugins\/wpforms\/assets\/images\/submit-spin.svg\" class=\"wpforms-submit-spinner\" style=\"display: none;\" width=\"26\" height=\"26\" alt=\"Loading\"><\/div><\/form><\/div>  <!-- .wpforms-container -->","protected":false},"excerpt":{"rendered":"<p>NB: &nbsp;Les \u00e9tudiants 3e, 4e et 5e ann\u00e9e peuvent avoir 2 comptes VetView. &nbsp;Ce formulaire de demande de soutien est sp\u00e9cifiquement pour l\u2019installation de VetView utilis\u00e9 \u00e0 la FMV (VetView pour les cours de chirurgie 3e et 4e ann\u00e9e (DMV 3414)). &nbsp;Si vous avez un probl\u00e8me avec l&#8217;installation VetView utilis\u00e9 au CHUV (celui utilis\u00e9 en&nbsp;clinique [&hellip;]<\/p>\n","protected":false},"author":3,"featured_media":0,"parent":0,"menu_order":0,"comment_status":"closed","ping_status":"closed","template":"","meta":{"_mc_calendar":[],"footnotes":""},"categories":[],"tags":[],"class_list":["post-219","page","type-page","status-publish","hentry"],"_links":{"self":[{"href":"https:\/\/chuv.umontreal.ca\/intranet\/ti\/wp-json\/wp\/v2\/pages\/219","targetHints":{"allow":["GET"]}}],"collection":[{"href":"https:\/\/chuv.umontreal.ca\/intranet\/ti\/wp-json\/wp\/v2\/pages"}],"about":[{"href":"https:\/\/chuv.umontreal.ca\/intranet\/ti\/wp-json\/wp\/v2\/types\/page"}],"author":[{"embeddable":true,"href":"https:\/\/chuv.umontreal.ca\/intranet\/ti\/wp-json\/wp\/v2\/users\/3"}],"replies":[{"embeddable":true,"href":"https:\/\/chuv.umontreal.ca\/intranet\/ti\/wp-json\/wp\/v2\/comments?post=219"}],"version-history":[{"count":11,"href":"https:\/\/chuv.umontreal.ca\/intranet\/ti\/wp-json\/wp\/v2\/pages\/219\/revisions"}],"predecessor-version":[{"id":6759,"href":"https:\/\/chuv.umontreal.ca\/intranet\/ti\/wp-json\/wp\/v2\/pages\/219\/revisions\/6759"}],"wp:attachment":[{"href":"https:\/\/chuv.umontreal.ca\/intranet\/ti\/wp-json\/wp\/v2\/media?parent=219"}],"wp:term":[{"taxonomy":"category","embeddable":true,"href":"https:\/\/chuv.umontreal.ca\/intranet\/ti\/wp-json\/wp\/v2\/categories?post=219"},{"taxonomy":"post_tag","embeddable":true,"href":"https:\/\/chuv.umontreal.ca\/intranet\/ti\/wp-json\/wp\/v2\/tags?post=219"}],"curies":[{"name":"wp","href":"https:\/\/api.w.org\/{rel}","templated":true}]}}