{"id":2645,"date":"2021-01-15T11:29:46","date_gmt":"2021-01-15T16:29:46","guid":{"rendered":"https:\/\/chuv.umontreal.ca\/intranet\/ti\/?page_id=2645"},"modified":"2021-01-15T11:29:47","modified_gmt":"2021-01-15T16:29:47","slug":"politique-de-confidentialite-intranet-section-t-i","status":"publish","type":"page","link":"https:\/\/chuv.umontreal.ca\/intranet\/ti\/politique-de-confidentialite-intranet-section-t-i\/","title":{"rendered":"Politique de confidentialit\u00e9 (intranet section T.I.)"},"content":{"rendered":"\n<p>Ce site est disponible pour aider le personnel et \u00e9tudiants dans leur vie technologique au CHUV.  Si vous avez des questions concernant le politique de confidentialit\u00e9 pour ce site WEB, SVP contacter votre superviseur imm\u00e9diat.<\/p>\n","protected":false},"excerpt":{"rendered":"<p>Ce site est disponible pour aider le personnel et \u00e9tudiants dans leur vie technologique au CHUV. Si vous avez des questions concernant le politique de confidentialit\u00e9 pour ce site WEB, SVP contacter votre superviseur imm\u00e9diat.<\/p>\n","protected":false},"author":3,"featured_media":0,"parent":0,"menu_order":0,"comment_status":"closed","ping_status":"closed","template":"","meta":{"_mc_calendar":[],"footnotes":""},"categories":[],"tags":[],"class_list":["post-2645","page","type-page","status-publish","hentry"],"_links":{"self":[{"href":"https:\/\/chuv.umontreal.ca\/intranet\/ti\/wp-json\/wp\/v2\/pages\/2645","targetHints":{"allow":["GET"]}}],"collection":[{"href":"https:\/\/chuv.umontreal.ca\/intranet\/ti\/wp-json\/wp\/v2\/pages"}],"about":[{"href":"https:\/\/chuv.umontreal.ca\/intranet\/ti\/wp-json\/wp\/v2\/types\/page"}],"author":[{"embeddable":true,"href":"https:\/\/chuv.umontreal.ca\/intranet\/ti\/wp-json\/wp\/v2\/users\/3"}],"replies":[{"embeddable":true,"href":"https:\/\/chuv.umontreal.ca\/intranet\/ti\/wp-json\/wp\/v2\/comments?post=2645"}],"version-history":[{"count":1,"href":"https:\/\/chuv.umontreal.ca\/intranet\/ti\/wp-json\/wp\/v2\/pages\/2645\/revisions"}],"predecessor-version":[{"id":2646,"href":"https:\/\/chuv.umontreal.ca\/intranet\/ti\/wp-json\/wp\/v2\/pages\/2645\/revisions\/2646"}],"wp:attachment":[{"href":"https:\/\/chuv.umontreal.ca\/intranet\/ti\/wp-json\/wp\/v2\/media?parent=2645"}],"wp:term":[{"taxonomy":"category","embeddable":true,"href":"https:\/\/chuv.umontreal.ca\/intranet\/ti\/wp-json\/wp\/v2\/categories?post=2645"},{"taxonomy":"post_tag","embeddable":true,"href":"https:\/\/chuv.umontreal.ca\/intranet\/ti\/wp-json\/wp\/v2\/tags?post=2645"}],"curies":[{"name":"wp","href":"https:\/\/api.w.org\/{rel}","templated":true}]}}