{"id":8629,"date":"2026-01-19T15:34:59","date_gmt":"2026-01-19T19:34:59","guid":{"rendered":"https:\/\/chuv.umontreal.ca\/intranet\/ti\/?page_id=8629"},"modified":"2026-01-23T17:26:01","modified_gmt":"2026-01-23T21:26:01","slug":"vetview5xmiseajour","status":"publish","type":"page","link":"https:\/\/chuv.umontreal.ca\/intranet\/ti\/vetview5xmiseajour\/","title":{"rendered":"Mise \u00e0 jour VetView (24 janvier 2026) \u2013 Informations importantes"},"content":{"rendered":"\n<h3 class=\"wp-block-heading\">Une mise \u00e0 jour de VetView sera effectu\u00e9e durant la nuit et&nbsp;la journ\u00e9e du samedi 24 janvier 2026. <\/h3>\n\n\n\n<ul class=\"wp-block-list\">\n<li>Une courte pr\u00e9sentation des changements importants ayant un impact sur le fonctionnement de&nbsp;la mise \u00e0 jour (dossier m\u00e9dical)&nbsp;sera offerte en personne et sur Teams le vendredi 23 janvier \u00e0 12 h 15 (au local 1248). \n<ul class=\"wp-block-list\">\n<li>L\u2019enregistrement de cette pr\u00e9sentation sera disponible par la suite. <\/li>\n<\/ul>\n<\/li>\n\n\n\n<li>Le 24 janvier \u00e0 2 h AM, le syst\u00e8me VetView sera mis hors ligne. \n<ul class=\"wp-block-list\">\n<li>Vers 2 h 30 \u2013 3 h AM, une <a href=\"https:\/\/formationvetview.chuv.umontreal.ca\/\">version de <strong>consultation<\/strong>&nbsp;de VetView<\/a>&nbsp;sera disponible.&nbsp;&nbsp; <\/li>\n\n\n\n<li>Cette version sera en consultation seulement : <strong>aucune donn\u00e9e saisie ne sera conserv\u00e9e<\/strong>. <\/li>\n\n\n\n<li>Le fonctionnement sera uniquement sur papier durant cette p\u00e9riode. <\/li>\n<\/ul>\n<\/li>\n\n\n\n<li>Les prises dans Pyxis seront possibles, mais transmises \u00e0 VetView seulement lors du retour en fonction du syst\u00e8me, apr\u00e8s la mise \u00e0 jour. <\/li>\n\n\n\n<li>Les appareils d\u2019imagerie demeureront disponibles, mais les images devront \u00eatre visualis\u00e9es directement sur les appareils. <\/li>\n\n\n\n<li>Les requ\u00eates de laboratoire devront \u00eatre faites sur papier et entr\u00e9es dans VetView manuellement d\u00e8s que le syst\u00e8me sera de nouveau disponible <\/li>\n<\/ul>\n\n\n\n<p><strong>Note : <\/strong>&nbsp;la pr\u00e9sentation du 23 janvier portera uniquement sur les ajustements n\u00e9cessaires aux fonctionnalit\u00e9s existantes du dossier m\u00e9dical \u00e0 la suite de la mise \u00e0 jour. D\u2019autres informations concernant les nouvelles fonctionnalit\u00e9s du dossier m\u00e9dical seront communiqu\u00e9es au cours des prochaines semaines.<\/p>\n\n\n\n<p>Nous vous remercions de votre collaboration habituelle. &nbsp;&nbsp;<\/p>\n\n\n\n<p>Serge Goulet<br>Directeur administratif<\/p>\n\n\n\n<p>INFORMATION SUPPL\u00c9MENTAIRE<\/p>\n\n\n\n<ul class=\"wp-block-list\">\n<li><a href=\"https:\/\/chuv.umontreal.ca\/intranet\/ti\/seance-dinformation-mise-a-jour-vetview-24-janvier-2026\/\">S\u00c9ANCE D\u2019INFORMATION \u2013 MISE \u00c0 JOUR VETVIEW 24 JANVIER 2026<\/a><\/li>\n\n\n\n<li><a href=\"https:\/\/chuv.umontreal.ca\/intranet\/ti\/ce-qui-change-dans-les-sections-details-et-contacts-du-patient-dans-vetview-5-0\/\">Ce qui change dans les sections D\u00e9tails et contacts du patient dans VetView 5.0<\/a><\/li>\n<\/ul>\n\n\n\n<p><\/p>\n","protected":false},"excerpt":{"rendered":"<p>Une mise \u00e0 jour de VetView sera effectu\u00e9e durant la nuit et&nbsp;la journ\u00e9e du samedi 24 janvier 2026. Note : &nbsp;la pr\u00e9sentation du 23 janvier portera uniquement sur les ajustements n\u00e9cessaires aux fonctionnalit\u00e9s existantes du dossier m\u00e9dical \u00e0 la suite de la mise \u00e0 jour. D\u2019autres informations concernant les nouvelles fonctionnalit\u00e9s du dossier m\u00e9dical seront [&hellip;]<\/p>\n","protected":false},"author":3,"featured_media":0,"parent":0,"menu_order":0,"comment_status":"closed","ping_status":"closed","template":"","meta":{"_mc_calendar":[],"footnotes":""},"categories":[90,85],"tags":[],"class_list":["post-8629","page","type-page","status-publish","hentry","category-index","category-nouvelles"],"_links":{"self":[{"href":"https:\/\/chuv.umontreal.ca\/intranet\/ti\/wp-json\/wp\/v2\/pages\/8629","targetHints":{"allow":["GET"]}}],"collection":[{"href":"https:\/\/chuv.umontreal.ca\/intranet\/ti\/wp-json\/wp\/v2\/pages"}],"about":[{"href":"https:\/\/chuv.umontreal.ca\/intranet\/ti\/wp-json\/wp\/v2\/types\/page"}],"author":[{"embeddable":true,"href":"https:\/\/chuv.umontreal.ca\/intranet\/ti\/wp-json\/wp\/v2\/users\/3"}],"replies":[{"embeddable":true,"href":"https:\/\/chuv.umontreal.ca\/intranet\/ti\/wp-json\/wp\/v2\/comments?post=8629"}],"version-history":[{"count":5,"href":"https:\/\/chuv.umontreal.ca\/intranet\/ti\/wp-json\/wp\/v2\/pages\/8629\/revisions"}],"predecessor-version":[{"id":8643,"href":"https:\/\/chuv.umontreal.ca\/intranet\/ti\/wp-json\/wp\/v2\/pages\/8629\/revisions\/8643"}],"wp:attachment":[{"href":"https:\/\/chuv.umontreal.ca\/intranet\/ti\/wp-json\/wp\/v2\/media?parent=8629"}],"wp:term":[{"taxonomy":"category","embeddable":true,"href":"https:\/\/chuv.umontreal.ca\/intranet\/ti\/wp-json\/wp\/v2\/categories?post=8629"},{"taxonomy":"post_tag","embeddable":true,"href":"https:\/\/chuv.umontreal.ca\/intranet\/ti\/wp-json\/wp\/v2\/tags?post=8629"}],"curies":[{"name":"wp","href":"https:\/\/api.w.org\/{rel}","templated":true}]}}